{"id":9095,"date":"2020-01-13T06:50:18","date_gmt":"2020-01-13T06:50:18","guid":{"rendered":"https:\/\/wpbingosite.com\/wordpress\/davici\/?page_id=9095"},"modified":"2024-08-08T17:38:08","modified_gmt":"2024-08-08T17:38:08","slug":"about","status":"publish","type":"page","link":"https:\/\/www.seriendustri.com\/?page_id=9095","title":{"rendered":"Hakk\u0131m\u0131zda"},"content":{"rendered":"\t\t<div data-elementor-type=\"wp-page\" data-elementor-id=\"9095\" class=\"elementor elementor-9095\">\n\t\t\t\t\t\t<section class=\"elementor-section elementor-top-section elementor-element elementor-element-17e4c8a elementor-section-boxed elementor-section-height-default elementor-section-height-default\" data-id=\"17e4c8a\" data-element_type=\"section\">\n\t\t\t\t\t\t<div class=\"elementor-container elementor-column-gap-default\">\n\t\t\t\t\t<div class=\"elementor-column elementor-col-100 elementor-top-column elementor-element elementor-element-88c2a22\" data-id=\"88c2a22\" data-element_type=\"column\">\n\t\t\t<div class=\"elementor-widget-wrap elementor-element-populated\">\n\t\t\t\t\t\t<div class=\"elementor-element elementor-element-fbdd72c elementor-widget elementor-widget-image\" data-id=\"fbdd72c\" data-element_type=\"widget\" data-widget_type=\"image.default\">\n\t\t\t\t<div class=\"elementor-widget-container\">\n\t\t\t\t\t\t\t\t\t\t\t\t\t\t\t<img decoding=\"async\" width=\"231\" height=\"72\" src=\"https:\/\/www.seriendustri.com\/wp-content\/uploads\/2024\/08\/UFAK-LOGO.png\" class=\"attachment-large size-large wp-image-14622\" alt=\"\" \/>\t\t\t\t\t\t\t\t\t\t\t\t\t\t\t<\/div>\n\t\t\t\t<\/div>\n\t\t\t\t<div class=\"elementor-element elementor-element-a92bba5 elementor-widget elementor-widget-heading\" data-id=\"a92bba5\" data-element_type=\"widget\" data-widget_type=\"heading.default\">\n\t\t\t\t<div class=\"elementor-widget-container\">\n\t\t\t\t\t<h2 class=\"elementor-heading-title elementor-size-default\">SER\u0130 END\u00dcSTR\u0130<\/h2>\t\t\t\t<\/div>\n\t\t\t\t<\/div>\n\t\t\t\t<div class=\"elementor-element elementor-element-5ea6e5a font-bold elementor-widget elementor-widget-text-editor\" data-id=\"5ea6e5a\" data-element_type=\"widget\" data-widget_type=\"text-editor.default\">\n\t\t\t\t<div class=\"elementor-widget-container\">\n\t\t\t\t\t\t\t\t\t<p><strong>Seri End\u00fcstri end\u00fcstriyel \u00fcr\u00fcnlerin tedarik i\u015flemlerini sa\u011flamaktad\u0131r.<\/strong><\/p>\t\t\t\t\t\t\t\t<\/div>\n\t\t\t\t<\/div>\n\t\t\t\t\t<\/div>\n\t\t<\/div>\n\t\t\t\t\t<\/div>\n\t\t<\/section>\n\t\t\t\t<section class=\"elementor-section elementor-top-section elementor-element elementor-element-ad5ac4b elementor-section-boxed elementor-section-height-default elementor-section-height-default\" data-id=\"ad5ac4b\" data-element_type=\"section\">\n\t\t\t\t\t\t<div class=\"elementor-container elementor-column-gap-default\">\n\t\t\t\t\t<div class=\"elementor-column elementor-col-100 elementor-top-column elementor-element elementor-element-f450fa0\" data-id=\"f450fa0\" data-element_type=\"column\">\n\t\t\t<div class=\"elementor-widget-wrap elementor-element-populated\">\n\t\t\t\t\t\t<div class=\"elementor-element elementor-element-8b778fa elementor-widget elementor-widget-bwp_image\" data-id=\"8b778fa\" data-element_type=\"widget\" data-widget_type=\"bwp_image.default\">\n\t\t\t\t<div class=\"elementor-widget-container\">\n\t\t\t\t\t<div class=\"bwp-widget-banner default\">\r\n\t\t\r\n\t<div class=\"bg-banner\">\t\t\r\n\t\t<div class=\"banner-wrapper banners\">\r\n\t\t\t<div class=\"bwp-image\">\r\n\t\t\t\t\t\t\t\t\t<a href=\"#\"><img decoding=\"async\" src=\"https:\/\/www.seriendustri.com\/new\/wp-content\/uploads\/2024\/08\/akku-elektrowerkzeuge-flex-1.webp\" alt=\"\"><\/a>\r\n\t\t\t\t\t\t\t<\/div>\r\n\t\t\t<div class=\"banner-wrapper-infor\">\r\n\t\t\t\t<div class=\"info\">\r\n\t\t\t\t\t\t\t\t\t\t\t\t\t\t\t\t\t\t\t\t\t\t\t\t<\/div>\r\n\t\t\t<\/div>\r\n\t\t<\/div>\r\n\t<\/div>\r\n\t<\/div>\r\n\t\t\t\t<\/div>\n\t\t\t\t<\/div>\n\t\t\t\t\t<\/div>\n\t\t<\/div>\n\t\t\t\t\t<\/div>\n\t\t<\/section>\n\t\t\t\t<section class=\"elementor-section elementor-top-section elementor-element elementor-element-21d330b elementor-section-boxed elementor-section-height-default elementor-section-height-default\" data-id=\"21d330b\" data-element_type=\"section\">\n\t\t\t\t\t\t<div class=\"elementor-container elementor-column-gap-default\">\n\t\t\t\t\t<div class=\"elementor-column elementor-col-50 elementor-top-column elementor-element elementor-element-702f4a2\" data-id=\"702f4a2\" data-element_type=\"column\">\n\t\t\t<div class=\"elementor-widget-wrap elementor-element-populated\">\n\t\t\t\t\t\t<div class=\"elementor-element elementor-element-0e3448f elementor-widget elementor-widget-image\" data-id=\"0e3448f\" data-element_type=\"widget\" data-widget_type=\"image.default\">\n\t\t\t\t<div class=\"elementor-widget-container\">\n\t\t\t\t\t\t\t\t\t\t\t\t\t\t\t<img fetchpriority=\"high\" decoding=\"async\" width=\"512\" height=\"512\" src=\"https:\/\/www.seriendustri.com\/wp-content\/uploads\/2024\/08\/cropped-ICON.jpg\" class=\"elementor-animation-wobble-horizontal attachment-full size-full wp-image-14997\" alt=\"\" \/>\t\t\t\t\t\t\t\t\t\t\t\t\t\t\t<\/div>\n\t\t\t\t<\/div>\n\t\t\t\t\t<\/div>\n\t\t<\/div>\n\t\t\t\t<div class=\"elementor-column elementor-col-50 elementor-top-column elementor-element elementor-element-7876a80\" data-id=\"7876a80\" data-element_type=\"column\">\n\t\t\t<div class=\"elementor-widget-wrap elementor-element-populated\">\n\t\t\t\t\t\t<div class=\"elementor-element elementor-element-d2c40ad font-bold elementor-widget elementor-widget-text-editor\" data-id=\"d2c40ad\" data-element_type=\"widget\" data-widget_type=\"text-editor.default\">\n\t\t\t\t<div class=\"elementor-widget-container\">\n\t\t\t\t\t\t\t\t\t<p>B\u0130Z NE \u0130\u015e YAPARIZ !<\/p>\t\t\t\t\t\t\t\t<\/div>\n\t\t\t\t<\/div>\n\t\t\t\t<div class=\"elementor-element elementor-element-8f4868c elementor-widget elementor-widget-heading\" data-id=\"8f4868c\" data-element_type=\"widget\" data-widget_type=\"heading.default\">\n\t\t\t\t<div class=\"elementor-widget-container\">\n\t\t\t\t\t<h2 class=\"elementor-heading-title elementor-size-default\">Seri End\u00fcstri Kimdir !\n<\/h2>\t\t\t\t<\/div>\n\t\t\t\t<\/div>\n\t\t\t\t<div class=\"elementor-element elementor-element-53e5722 elementor-widget-divider--view-line elementor-widget elementor-widget-divider\" data-id=\"53e5722\" data-element_type=\"widget\" data-widget_type=\"divider.default\">\n\t\t\t\t<div class=\"elementor-widget-container\">\n\t\t\t\t\t\t\t<div class=\"elementor-divider\">\n\t\t\t<span class=\"elementor-divider-separator\">\n\t\t\t\t\t\t<\/span>\n\t\t<\/div>\n\t\t\t\t\t\t<\/div>\n\t\t\t\t<\/div>\n\t\t\t\t<div class=\"elementor-element elementor-element-ab36f7e elementor-widget elementor-widget-text-editor\" data-id=\"ab36f7e\" data-element_type=\"widget\" data-widget_type=\"text-editor.default\">\n\t\t\t\t<div class=\"elementor-widget-container\">\n\t\t\t\t\t\t\t\t\t<p>20 y\u0131ll\u0131k tecr\u00fcbemiz, uzman kadromuz ve de\u011ferli markalar\u0131m\u0131z ile kullan\u0131c\u0131lar\u0131m\u0131za en uygun \u00e7\u00f6z\u00fcmleri \u00fcreten \u00fcr\u00fcnleri sunmakt\u0131r. Sosyal sorumluluk projelerine destek vererek, toplumsal geli\u015fime katk\u0131da bulunmakt\u0131r. \u201cBirlikte B\u00fcy\u00fcyoruz&#8221; slogan\u0131m\u0131z ile tedarik\u00e7ilerimize, firma \u00e7al\u0131\u015fanlar\u0131m\u0131za, m\u00fc\u015fterilerimize ve dolay\u0131s\u0131 ile \u00fclke ekonomisine de\u011fer katmakt\u0131r. Misyonumuz; M\u00fc\u015fteri Memnuniyeti \u0130lkesi&#8221; temel de\u011ferimizdir. \u00d6ncelikli amac\u0131m\u0131z Kaliteli hizmet anlay\u0131\u015f\u0131 \u00e7er\u00e7evesinde, maksimum m\u00fc\u015fteri memnuniyetini sa\u011flamakt\u0131r.<br \/><br \/><\/p>\t\t\t\t\t\t\t\t<\/div>\n\t\t\t\t<\/div>\n\t\t\t\t\t<\/div>\n\t\t<\/div>\n\t\t\t\t\t<\/div>\n\t\t<\/section>\n\t\t\t\t<section class=\"elementor-section elementor-top-section elementor-element elementor-element-3563365 elementor-section-boxed elementor-section-height-default elementor-section-height-default\" data-id=\"3563365\" data-element_type=\"section\">\n\t\t\t\t\t\t<div class=\"elementor-container elementor-column-gap-default\">\n\t\t\t\t\t<div class=\"elementor-column elementor-col-50 elementor-top-column elementor-element elementor-element-03aaa4a\" data-id=\"03aaa4a\" data-element_type=\"column\">\n\t\t\t<div class=\"elementor-widget-wrap elementor-element-populated\">\n\t\t\t\t\t\t<div class=\"elementor-element elementor-element-d48f973 font-bold elementor-widget elementor-widget-text-editor\" data-id=\"d48f973\" data-element_type=\"widget\" data-widget_type=\"text-editor.default\">\n\t\t\t\t<div class=\"elementor-widget-container\">\n\t\t\t\t\t\t\t\t\t<p>SER\u0130 END\u00dcSTR\u0130<\/p>\t\t\t\t\t\t\t\t<\/div>\n\t\t\t\t<\/div>\n\t\t\t\t<div class=\"elementor-element elementor-element-a20c5ae elementor-widget elementor-widget-heading\" data-id=\"a20c5ae\" data-element_type=\"widget\" data-widget_type=\"heading.default\">\n\t\t\t\t<div class=\"elementor-widget-container\">\n\t\t\t\t\t<h2 class=\"elementor-heading-title elementor-size-default\">Profesyonellerin Tercihi<\/h2>\t\t\t\t<\/div>\n\t\t\t\t<\/div>\n\t\t\t\t<div class=\"elementor-element elementor-element-9778998 elementor-widget-divider--view-line elementor-widget elementor-widget-divider\" data-id=\"9778998\" data-element_type=\"widget\" data-widget_type=\"divider.default\">\n\t\t\t\t<div class=\"elementor-widget-container\">\n\t\t\t\t\t\t\t<div class=\"elementor-divider\">\n\t\t\t<span class=\"elementor-divider-separator\">\n\t\t\t\t\t\t<\/span>\n\t\t<\/div>\n\t\t\t\t\t\t<\/div>\n\t\t\t\t<\/div>\n\t\t\t\t<div class=\"elementor-element elementor-element-e89911d elementor-widget elementor-widget-text-editor\" data-id=\"e89911d\" data-element_type=\"widget\" data-widget_type=\"text-editor.default\">\n\t\t\t\t<div class=\"elementor-widget-container\">\n\t\t\t\t\t\t\t\t\t<p>Seri End\u00fcstri, sekt\u00f6r\u00fcn\u00fcn en g\u00fcvenilir firmalar\u0131 aras\u0131ndad\u0131r. Onlarca y\u0131l\u0131n tecr\u00fcbesiyle m\u00fc\u015fterilerine en iyi hizmeti sunmaya gayret g\u00f6stermektedir, bizim \u00f6nceli\u011fimiz her zaman m\u00fc\u015fteri memnuniyeti olmu\u015ftur.<br \/>Bizlere duyulan g\u00fcvene lay\u0131k olabilmek i\u00e7in sat\u0131\u015f ve hizmet a\u011f\u0131m\u0131z\u0131 T\u00fcrkiye\u2019nin her noktas\u0131yla ve kom\u015fular\u0131m\u0131z olan d\u00f6rt \u00fclkeyle bulu\u015fturduk. En h\u0131zl\u0131 servis anlay\u0131\u015f\u0131 alt\u0131nda hizmetlerimizi Seri End\u00fcstri,\u00a0olarak g\u00f6t\u00fcrmeyi ilke, \u00fclkemize katma de\u011fer ve istihdam sa\u011flamay\u0131 bor\u00e7 bildik.<br \/>Yurti\u00e7i h\u0131rdavat pazar\u0131nda profesyonel kadromuzla b\u00fcy\u00fcrken son teknoloji \u00fcr\u00fcnlerini ve sekt\u00f6r\u00fcn \u00e7izgisini takip ettik. \u0130thal etti\u011fimiz \u00fcr\u00fcnlerin bizimle markala\u015fmas\u0131na \u015fahit olduk. Uluslararas\u0131 kalite g\u00fcvence sertifikal\u0131 \u00fcr\u00fcnlerle hizmet a\u015fk\u0131m\u0131z hi\u00e7 h\u0131z kesmedi.<br \/>Bug\u00fcn Seri End\u00fcstri, \u015eekerp\u0131nar&#8217;dan T\u00fcrkiye\u2019nin d\u00f6rt bir yan\u0131na yay\u0131lm\u0131\u015f bayi ve temsilcilikleri ile sizlere hizmet g\u00f6t\u00fcr\u00fcyor. Kalite ve g\u00fcvencesinden \u00f6d\u00fcn vermeden gururla ve g\u00fcvenle \u00fcr\u00fcn gruplar\u0131n\u0131 payla\u015f\u0131yor ve i\u015f \u00e7\u00f6z\u00fcmlerinize hevesle ortak oluyor<\/p>\t\t\t\t\t\t\t\t<\/div>\n\t\t\t\t<\/div>\n\t\t\t\t\t<\/div>\n\t\t<\/div>\n\t\t\t\t<div class=\"elementor-column elementor-col-50 elementor-top-column elementor-element elementor-element-1b50256\" data-id=\"1b50256\" data-element_type=\"column\">\n\t\t\t<div class=\"elementor-widget-wrap elementor-element-populated\">\n\t\t\t\t\t\t<div class=\"elementor-element elementor-element-4eb216c elementor-widget elementor-widget-image\" data-id=\"4eb216c\" data-element_type=\"widget\" data-widget_type=\"image.default\">\n\t\t\t\t<div class=\"elementor-widget-container\">\n\t\t\t\t\t\t\t\t\t\t\t\t\t\t\t<img decoding=\"async\" width=\"1240\" height=\"827\" src=\"https:\/\/www.seriendustri.com\/wp-content\/uploads\/2024\/08\/04.jpg\" class=\"elementor-animation-wobble-horizontal attachment-full size-full wp-image-14986\" alt=\"\" \/>\t\t\t\t\t\t\t\t\t\t\t\t\t\t\t<\/div>\n\t\t\t\t<\/div>\n\t\t\t\t\t<\/div>\n\t\t<\/div>\n\t\t\t\t\t<\/div>\n\t\t<\/section>\n\t\t\t\t<section class=\"elementor-section elementor-top-section elementor-element elementor-element-427c761 elementor-section-boxed elementor-section-height-default elementor-section-height-default\" data-id=\"427c761\" data-element_type=\"section\">\n\t\t\t\t\t\t<div class=\"elementor-container elementor-column-gap-default\">\n\t\t\t\t\t<div class=\"elementor-column elementor-col-100 elementor-top-column elementor-element elementor-element-29de927\" data-id=\"29de927\" data-element_type=\"column\">\n\t\t\t<div class=\"elementor-widget-wrap elementor-element-populated\">\n\t\t\t\t\t\t<div class=\"elementor-element elementor-element-4ec466a font-bold elementor-widget elementor-widget-text-editor\" data-id=\"4ec466a\" data-element_type=\"widget\" data-widget_type=\"text-editor.default\">\n\t\t\t\t<div class=\"elementor-widget-container\">\n\t\t\t\t\t\t\t\t\t<p><strong>seri end\u00fcstri<\/strong><\/p>\t\t\t\t\t\t\t\t<\/div>\n\t\t\t\t<\/div>\n\t\t\t\t<div class=\"elementor-element elementor-element-3918c54 elementor-widget elementor-widget-heading\" data-id=\"3918c54\" data-element_type=\"widget\" data-widget_type=\"heading.default\">\n\t\t\t\t<div class=\"elementor-widget-container\">\n\t\t\t\t\t<h2 class=\"elementor-heading-title elementor-size-default\">MA\u011eAZALARIMIZ<\/h2>\t\t\t\t<\/div>\n\t\t\t\t<\/div>\n\t\t\t\t<div class=\"elementor-element elementor-element-f92c947 elementor-widget-divider--view-line elementor-widget elementor-widget-divider\" data-id=\"f92c947\" data-element_type=\"widget\" data-widget_type=\"divider.default\">\n\t\t\t\t<div class=\"elementor-widget-container\">\n\t\t\t\t\t\t\t<div class=\"elementor-divider\">\n\t\t\t<span class=\"elementor-divider-separator\">\n\t\t\t\t\t\t<\/span>\n\t\t<\/div>\n\t\t\t\t\t\t<\/div>\n\t\t\t\t<\/div>\n\t\t\t\t\t<\/div>\n\t\t<\/div>\n\t\t\t\t\t<\/div>\n\t\t<\/section>\n\t\t\t\t<section class=\"elementor-section elementor-top-section elementor-element elementor-element-3c00417 elementor-section-boxed elementor-section-height-default elementor-section-height-default\" data-id=\"3c00417\" data-element_type=\"section\">\n\t\t\t\t\t\t<div class=\"elementor-container elementor-column-gap-default\">\n\t\t\t\t\t<div class=\"elementor-column elementor-col-50 elementor-top-column elementor-element elementor-element-3014815 wpb-col-sm-100\" data-id=\"3014815\" data-element_type=\"column\">\n\t\t\t<div class=\"elementor-widget-wrap elementor-element-populated\">\n\t\t\t\t\t\t<div class=\"elementor-element elementor-element-d8a19ab elementor-widget elementor-widget-google_maps\" data-id=\"d8a19ab\" data-element_type=\"widget\" data-widget_type=\"google_maps.default\">\n\t\t\t\t<div class=\"elementor-widget-container\">\n\t\t\t\t\t\t\t<div class=\"elementor-custom-embed\">\n\t\t\t<iframe loading=\"lazy\"\n\t\t\t\t\tsrc=\"https:\/\/maps.google.com\/maps?q=Ey%C3%BCp%20Sultan%20Mah%20K%C4%B1z%C4%B1lay%20Caddesi%20Usta%20Sokak%20No%202%20Sancaktepe%20%C4%B0STANBUL&#038;t=m&#038;z=17&#038;output=embed&#038;iwloc=near\"\n\t\t\t\t\ttitle=\"Ey\u00fcp Sultan Mah K\u0131z\u0131lay Caddesi Usta Sokak No 2 Sancaktepe \u0130STANBUL\"\n\t\t\t\t\taria-label=\"Ey\u00fcp Sultan Mah K\u0131z\u0131lay Caddesi Usta Sokak No 2 Sancaktepe \u0130STANBUL\"\n\t\t\t><\/iframe>\n\t\t<\/div>\n\t\t\t\t\t\t<\/div>\n\t\t\t\t<\/div>\n\t\t\t\t<section class=\"elementor-section elementor-inner-section elementor-element elementor-element-ff73c41 box-map-contact elementor-section-boxed elementor-section-height-default elementor-section-height-default\" data-id=\"ff73c41\" data-element_type=\"section\">\n\t\t\t\t\t\t<div class=\"elementor-container elementor-column-gap-default\">\n\t\t\t\t\t<div class=\"elementor-column elementor-col-100 elementor-inner-column elementor-element elementor-element-f7c8fcc\" data-id=\"f7c8fcc\" data-element_type=\"column\">\n\t\t\t<div class=\"elementor-widget-wrap elementor-element-populated\">\n\t\t\t\t\t\t<div class=\"elementor-element elementor-element-b435c06 elementor-view-default elementor-widget elementor-widget-icon\" data-id=\"b435c06\" data-element_type=\"widget\" data-widget_type=\"icon.default\">\n\t\t\t\t<div class=\"elementor-widget-container\">\n\t\t\t\t\t\t\t<div class=\"elementor-icon-wrapper\">\n\t\t\t<div class=\"elementor-icon\">\n\t\t\t<svg xmlns=\"http:\/\/www.w3.org\/2000\/svg\" xmlns:xlink=\"http:\/\/www.w3.org\/1999\/xlink\" id=\"Capa_1\" x=\"0px\" y=\"0px\" viewBox=\"0 0 512 512\" style=\"enable-background:new 0 0 512 512;\" xml:space=\"preserve\"><g>\t<g>\t\t<path d=\"M256,120c-33.091,0-60,26.909-60,60c0,33.249,26.861,60,60,60c33.733,0,60-27.255,60-60C316,146.909,289.091,120,256,120z    \"><\/path>\t<\/g><\/g><g>\t<g>\t\t<path d=\"M256,0C156.742,0,76,80.742,76,180c0,33.53,9.287,66.255,26.851,94.644l142.896,230.259    c5.925,9.569,19.895,9.423,25.635-0.205L410.63,272.212C427.211,244.424,436,212.534,436,180C436,80.742,355.258,0,256,0z     M256,270.2c-50.345,0-90.2-40.979-90.2-90.2c0-49.629,40.571-90.2,90.2-90.2s90.2,40.571,90.2,90.2    C346.2,228.787,306.881,270.2,256,270.2z\"><\/path>\t<\/g><\/g><g><\/g><g><\/g><g><\/g><g><\/g><g><\/g><g><\/g><g><\/g><g><\/g><g><\/g><g><\/g><g><\/g><g><\/g><g><\/g><g><\/g><g><\/g><\/svg>\t\t\t<\/div>\n\t\t<\/div>\n\t\t\t\t\t\t<\/div>\n\t\t\t\t<\/div>\n\t\t\t\t<div class=\"elementor-element elementor-element-f414b63 elementor-widget elementor-widget-heading\" data-id=\"f414b63\" data-element_type=\"widget\" data-widget_type=\"heading.default\">\n\t\t\t\t<div class=\"elementor-widget-container\">\n\t\t\t\t\t<h2 class=\"elementor-heading-title elementor-size-default\">SER\u0130 END\u00dcSTR\u0130<br>MERKEZ<\/h2>\t\t\t\t<\/div>\n\t\t\t\t<\/div>\n\t\t\t\t<div class=\"elementor-element elementor-element-72c2944 elementor-widget elementor-widget-text-editor\" data-id=\"72c2944\" data-element_type=\"widget\" data-widget_type=\"text-editor.default\">\n\t\t\t\t<div class=\"elementor-widget-container\">\n\t\t\t\t\t\t\t\t\t<p>Ey\u00fcp Sultan Mah K\u0131z\u0131lay Caddesi Usta Sokak No 2 Sancaktepe \u0130STANBUL<\/p>\t\t\t\t\t\t\t\t<\/div>\n\t\t\t\t<\/div>\n\t\t\t\t\t<\/div>\n\t\t<\/div>\n\t\t\t\t\t<\/div>\n\t\t<\/section>\n\t\t\t\t\t<\/div>\n\t\t<\/div>\n\t\t\t\t<div class=\"elementor-column elementor-col-50 elementor-top-column elementor-element elementor-element-c50a179 wpb-col-sm-100 m-t-50\" data-id=\"c50a179\" data-element_type=\"column\">\n\t\t\t<div class=\"elementor-widget-wrap elementor-element-populated\">\n\t\t\t\t\t\t<div class=\"elementor-element elementor-element-1b17de2 elementor-widget elementor-widget-google_maps\" data-id=\"1b17de2\" data-element_type=\"widget\" data-widget_type=\"google_maps.default\">\n\t\t\t\t<div class=\"elementor-widget-container\">\n\t\t\t\t\t\t\t<div class=\"elementor-custom-embed\">\n\t\t\t<iframe loading=\"lazy\"\n\t\t\t\t\tsrc=\"https:\/\/maps.google.com\/maps?q=%C5%9Eekerp%C4%B1nar%20Mah.%20Anadolu%20Cad.%20NO%3A8%20%C3%87ay%C4%B1rova%2FKOCAEL%C4%B0&#038;t=m&#038;z=16&#038;output=embed&#038;iwloc=near\"\n\t\t\t\t\ttitle=\"\u015eekerp\u0131nar Mah. Anadolu Cad. NO:8 \u00c7ay\u0131rova\/KOCAEL\u0130\"\n\t\t\t\t\taria-label=\"\u015eekerp\u0131nar Mah. Anadolu Cad. NO:8 \u00c7ay\u0131rova\/KOCAEL\u0130\"\n\t\t\t><\/iframe>\n\t\t<\/div>\n\t\t\t\t\t\t<\/div>\n\t\t\t\t<\/div>\n\t\t\t\t<section class=\"elementor-section elementor-inner-section elementor-element elementor-element-b4bacbf box-map-contact elementor-section-boxed elementor-section-height-default elementor-section-height-default\" data-id=\"b4bacbf\" data-element_type=\"section\">\n\t\t\t\t\t\t<div class=\"elementor-container elementor-column-gap-default\">\n\t\t\t\t\t<div class=\"elementor-column elementor-col-100 elementor-inner-column elementor-element elementor-element-3020a9a\" data-id=\"3020a9a\" data-element_type=\"column\">\n\t\t\t<div class=\"elementor-widget-wrap elementor-element-populated\">\n\t\t\t\t\t\t<div class=\"elementor-element elementor-element-9b905c3 elementor-view-default elementor-widget elementor-widget-icon\" data-id=\"9b905c3\" data-element_type=\"widget\" data-widget_type=\"icon.default\">\n\t\t\t\t<div class=\"elementor-widget-container\">\n\t\t\t\t\t\t\t<div class=\"elementor-icon-wrapper\">\n\t\t\t<div class=\"elementor-icon\">\n\t\t\t<svg xmlns=\"http:\/\/www.w3.org\/2000\/svg\" xmlns:xlink=\"http:\/\/www.w3.org\/1999\/xlink\" id=\"Capa_1\" x=\"0px\" y=\"0px\" viewBox=\"0 0 512 512\" style=\"enable-background:new 0 0 512 512;\" xml:space=\"preserve\"><g>\t<g>\t\t<path d=\"M256,120c-33.091,0-60,26.909-60,60c0,33.249,26.861,60,60,60c33.733,0,60-27.255,60-60C316,146.909,289.091,120,256,120z    \"><\/path>\t<\/g><\/g><g>\t<g>\t\t<path d=\"M256,0C156.742,0,76,80.742,76,180c0,33.53,9.287,66.255,26.851,94.644l142.896,230.259    c5.925,9.569,19.895,9.423,25.635-0.205L410.63,272.212C427.211,244.424,436,212.534,436,180C436,80.742,355.258,0,256,0z     M256,270.2c-50.345,0-90.2-40.979-90.2-90.2c0-49.629,40.571-90.2,90.2-90.2s90.2,40.571,90.2,90.2    C346.2,228.787,306.881,270.2,256,270.2z\"><\/path>\t<\/g><\/g><g><\/g><g><\/g><g><\/g><g><\/g><g><\/g><g><\/g><g><\/g><g><\/g><g><\/g><g><\/g><g><\/g><g><\/g><g><\/g><g><\/g><g><\/g><\/svg>\t\t\t<\/div>\n\t\t<\/div>\n\t\t\t\t\t\t<\/div>\n\t\t\t\t<\/div>\n\t\t\t\t<div class=\"elementor-element elementor-element-0889db4 elementor-widget elementor-widget-heading\" data-id=\"0889db4\" data-element_type=\"widget\" data-widget_type=\"heading.default\">\n\t\t\t\t<div class=\"elementor-widget-container\">\n\t\t\t\t\t<h2 class=\"elementor-heading-title elementor-size-default\">SER\u0130 END\u00dcSTR\u0130<br>DEPO<\/h2>\t\t\t\t<\/div>\n\t\t\t\t<\/div>\n\t\t\t\t<div class=\"elementor-element elementor-element-0fc84f3 elementor-widget elementor-widget-text-editor\" data-id=\"0fc84f3\" data-element_type=\"widget\" data-widget_type=\"text-editor.default\">\n\t\t\t\t<div class=\"elementor-widget-container\">\n\t\t\t\t\t\t\t\t\tStudio 101, 13 Bowden St, Alexandria<br>NSW, 2015\t\t\t\t\t\t\t\t<\/div>\n\t\t\t\t<\/div>\n\t\t\t\t\t<\/div>\n\t\t<\/div>\n\t\t\t\t\t<\/div>\n\t\t<\/section>\n\t\t\t\t\t<\/div>\n\t\t<\/div>\n\t\t\t\t\t<\/div>\n\t\t<\/section>\n\t\t\t\t<\/div>\n\t\t","protected":false},"excerpt":{"rendered":"<p>SER\u0130 END\u00dcSTR\u0130 Seri End\u00fcstri end\u00fcstriyel \u00fcr\u00fcnlerin tedarik i\u015flemlerini sa\u011flamaktad\u0131r. B\u0130Z NE \u0130\u015e YAPARIZ ! Seri End\u00fcstri Kimdir ! 20 y\u0131ll\u0131k tecr\u00fcbemiz, uzman kadromuz ve de\u011ferli markalar\u0131m\u0131z ile kullan\u0131c\u0131lar\u0131m\u0131za en uygun \u00e7\u00f6z\u00fcmleri \u00fcreten \u00fcr\u00fcnleri sunmakt\u0131r. Sosyal sorumluluk projelerine destek vererek, toplumsal geli\u015fime katk\u0131da bulunmakt\u0131r. \u201cBirlikte B\u00fcy\u00fcyoruz&#8221; slogan\u0131m\u0131z ile tedarik\u00e7ilerimize, firma \u00e7al\u0131\u015fanlar\u0131m\u0131za, m\u00fc\u015fterilerimize ve dolay\u0131s\u0131 ile \u00fclke [&hellip;]<\/p>\n","protected":false},"author":1,"featured_media":0,"parent":0,"menu_order":0,"comment_status":"closed","ping_status":"closed","template":"","meta":{"_joinchat":[],"footnotes":""},"class_list":["post-9095","page","type-page","status-publish","hentry"],"_links":{"self":[{"href":"https:\/\/www.seriendustri.com\/index.php?rest_route=\/wp\/v2\/pages\/9095","targetHints":{"allow":["GET"]}}],"collection":[{"href":"https:\/\/www.seriendustri.com\/index.php?rest_route=\/wp\/v2\/pages"}],"about":[{"href":"https:\/\/www.seriendustri.com\/index.php?rest_route=\/wp\/v2\/types\/page"}],"author":[{"embeddable":true,"href":"https:\/\/www.seriendustri.com\/index.php?rest_route=\/wp\/v2\/users\/1"}],"replies":[{"embeddable":true,"href":"https:\/\/www.seriendustri.com\/index.php?rest_route=%2Fwp%2Fv2%2Fcomments&post=9095"}],"version-history":[{"count":13,"href":"https:\/\/www.seriendustri.com\/index.php?rest_route=\/wp\/v2\/pages\/9095\/revisions"}],"predecessor-version":[{"id":15000,"href":"https:\/\/www.seriendustri.com\/index.php?rest_route=\/wp\/v2\/pages\/9095\/revisions\/15000"}],"wp:attachment":[{"href":"https:\/\/www.seriendustri.com\/index.php?rest_route=%2Fwp%2Fv2%2Fmedia&parent=9095"}],"curies":[{"name":"wp","href":"https:\/\/api.w.org\/{rel}","templated":true}]}}