{"id":14818,"date":"2024-08-07T21:25:10","date_gmt":"2024-08-07T21:25:10","guid":{"rendered":"https:\/\/www.seriendustri.com\/?post_type=product&#038;p=14818"},"modified":"2025-10-17T15:34:16","modified_gmt":"2025-10-17T15:34:16","slug":"flex-cl-10000-10-8-18-0-akulu-alan-aydinlatma","status":"publish","type":"product","link":"https:\/\/www.seriendustri.com\/?product=flex-cl-10000-10-8-18-0-akulu-alan-aydinlatma","title":{"rendered":"Flex CL 10000 10.8\/18.0 Ak\u00fcl\u00fc Alan Ayd\u0131nlatma"},"content":{"rendered":"<p><strong>Flex CL 10000 10.8\/18.0 Ak\u00fcl\u00fc Alan Ayd\u0131nlatma<\/strong><\/p>\n<p>&nbsp;<\/p>\n<p>Batarya voltaj\u0131 10,8 \/ 18,0V<br \/>\nPil kapasitesi 2,5 \/ 4,0 \/ 5,0 \/ 8,0Ah<br \/>\nRenk s\u0131cakl\u0131\u011f\u0131 5000 TL<br \/>\nI\u015f\u0131k ak\u0131s\u0131 (10.8V) 300 \/ 1000 \/ 3000 (18V) 300 \/ 1000 \/ 3000 \/ 5000 \/ 7000 \/ 10000 lm<br \/>\nRenk \u00e7o\u011faltma indeksi RA&gt;80 CRI<br \/>\nKoruma s\u0131n\u0131f\u0131 IP65<br \/>\nBoyutlar GxUxY 209x290x354 mm<br \/>\nPil tak\u0131m\u0131 olmadan a\u011f\u0131rl\u0131k 3,6 kilo<\/p>\n","protected":false},"excerpt":{"rendered":"<p>5 parlakl\u0131k seviyesi ve ECO moduyla g\u00fc\u00e7l\u00fc 10.000 l\u00fcmen pille \u00e7al\u0131\u015fan \u015fantiye spot \u0131\u015f\u0131\u011f\u0131. Haf\u0131za fonksiyonuyla \u0131\u015f\u0131k son ayarlanan seviyeden ba\u015flar<br \/>\n5000 kelvin renk s\u0131cakl\u0131\u011f\u0131 n\u00f6tr bir \u0131\u015f\u0131k rengine kar\u015f\u0131l\u0131k gelir ve karanl\u0131k odalarda \u00e7al\u0131\u015fmak i\u00e7in idealdir. Bu, eldeki i\u015fe do\u011fru bir ayarlama yap\u0131lmas\u0131n\u0131 sa\u011flar<br \/>\nLamba 215\u00b0 d\u00f6nd\u00fcr\u00fclebilir<br \/>\nG\u00f6rsel erken uyar\u0131 sistemi: D\u00fc\u015f\u00fck pil \u015farj\u0131, parlakl\u0131k seviyesinin hafif\u00e7e azalmas\u0131yla g\u00f6sterilir<br \/>\nTripodlar i\u00e7in 5\/8&#8243; ba\u011flant\u0131 di\u015fi<br \/>\nSo\u011futma a\u00e7\u0131kl\u0131klar\u0131na sahip entegre ara par\u00e7a elemanlar\u0131 lensi ve y\u00fczeyleri korur<br \/>\nOpsiyonel duvar sabitlemesi mevcuttur<br \/>\nA\u011f\u0131r hizmet tipi kullan\u0131m i\u00e7in sa\u011flam ve uzun \u00f6m\u00fcrl\u00fc<br \/>\nLED pil kapasitesi g\u00f6stergesi<br \/>\nFLEX ak\u00fc sistemi: t\u00fcm FLEX 10,8 V ve 18,0 V ak\u00fc paketleri i\u00e7in uygundur. Teslimat ak\u00fc ve \u015farj cihaz\u0131n\u0131 i\u00e7ermez<\/p>\n","protected":false},"featured_media":15505,"comment_status":"closed","ping_status":"closed","template":"","meta":{"_joinchat":[]},"product_brand":[144],"product_cat":[147],"product_tag":[],"class_list":{"0":"post-14818","1":"product","2":"type-product","3":"status-publish","4":"has-post-thumbnail","6":"product_brand-flex","7":"product_cat-aydinlatmalar","10":"first","11":"instock","12":"shipping-taxable","13":"product-type-simple"},"_links":{"self":[{"href":"https:\/\/www.seriendustri.com\/index.php?rest_route=\/wp\/v2\/product\/14818","targetHints":{"allow":["GET"]}}],"collection":[{"href":"https:\/\/www.seriendustri.com\/index.php?rest_route=\/wp\/v2\/product"}],"about":[{"href":"https:\/\/www.seriendustri.com\/index.php?rest_route=\/wp\/v2\/types\/product"}],"replies":[{"embeddable":true,"href":"https:\/\/www.seriendustri.com\/index.php?rest_route=%2Fwp%2Fv2%2Fcomments&post=14818"}],"version-history":[{"count":3,"href":"https:\/\/www.seriendustri.com\/index.php?rest_route=\/wp\/v2\/product\/14818\/revisions"}],"predecessor-version":[{"id":15506,"href":"https:\/\/www.seriendustri.com\/index.php?rest_route=\/wp\/v2\/product\/14818\/revisions\/15506"}],"wp:featuredmedia":[{"embeddable":true,"href":"https:\/\/www.seriendustri.com\/index.php?rest_route=\/wp\/v2\/media\/15505"}],"wp:attachment":[{"href":"https:\/\/www.seriendustri.com\/index.php?rest_route=%2Fwp%2Fv2%2Fmedia&parent=14818"}],"wp:term":[{"taxonomy":"product_brand","embeddable":true,"href":"https:\/\/www.seriendustri.com\/index.php?rest_route=%2Fwp%2Fv2%2Fproduct_brand&post=14818"},{"taxonomy":"product_cat","embeddable":true,"href":"https:\/\/www.seriendustri.com\/index.php?rest_route=%2Fwp%2Fv2%2Fproduct_cat&post=14818"},{"taxonomy":"product_tag","embeddable":true,"href":"https:\/\/www.seriendustri.com\/index.php?rest_route=%2Fwp%2Fv2%2Fproduct_tag&post=14818"}],"curies":[{"name":"wp","href":"https:\/\/api.w.org\/{rel}","templated":true}]}}