{"id":14953,"date":"2024-08-08T00:07:54","date_gmt":"2024-08-08T00:07:54","guid":{"rendered":"https:\/\/www.seriendustri.com\/?post_type=product&#038;p=14953"},"modified":"2025-10-17T15:50:28","modified_gmt":"2025-10-17T15:50:28","slug":"flex-mt-18-0-ec-c-komursuz-akulu-multitool","status":"publish","type":"product","link":"https:\/\/www.seriendustri.com\/?product=flex-mt-18-0-ec-c-komursuz-akulu-multitool","title":{"rendered":"Flex MT 18.0-EC C K\u00f6m\u00fcrs\u00fcz Ak\u00fcl\u00fc Multitool"},"content":{"rendered":"<p><strong>Flex MT 18.0-EC C K\u00f6m\u00fcrs\u00fcz Ak\u00fcl\u00fc Multitool<\/strong><\/p>\n<p>&nbsp;<\/p>\n<p>&nbsp;<\/p>\n<p>Batarya voltaj\u0131 18,0 V<br \/>\nPil kapasitesi 2,5 \/ 5,0 \/ 8,0Ah<br \/>\nY\u00fcks\u00fcz sal\u0131n\u0131m frekans\u0131 10000 &#8211; 20000 devir\/dakika<br \/>\nSal\u0131n\u0131m a\u00e7\u0131s\u0131 2\u00b0<br \/>\nBoyutlar 310x75x100 mm<br \/>\nPil tak\u0131m\u0131 olmadan a\u011f\u0131rl\u0131k 1,3 kg<\/p>\n","protected":false},"excerpt":{"rendered":"<p>Di\u015fli \u00fcnitesi her iki tarafta 2\u00b0&#8217;lik b\u00fcy\u00fck bir sal\u0131n\u0131m a\u00e7\u0131s\u0131na sahiptir, b\u00f6ylece h\u0131zl\u0131 kesme, z\u0131mparalama ve kaz\u0131ma i\u015flemlerini destekler.<br \/>\nT\u00fcm Starlock aksesuar par\u00e7alar\u0131 i\u00e7in StarlockMAX tak\u0131m tutucu ve uyumlu s\u0131k\u0131\u015ft\u0131rma mekanizmas\u0131na uygundur.<br \/>\n\u00c7ok Ama\u00e7l\u0131 Alet, Ah\u015fap, Metal, Plastik ve Al\u00e7\u0131pan gibi \u00e7ok \u00e7e\u015fitli uygulamalar i\u00e7in kullan\u0131labilir.<br \/>\nEski fayans harc\u0131 ve derz dolgular\u0131, yap\u0131\u015ft\u0131r\u0131c\u0131lar\u0131 \u00e7\u0131kar\u0131n.<br \/>\nSilikon kal\u0131nt\u0131lar\u0131, boya ve hal\u0131 yap\u0131\u015ft\u0131r\u0131c\u0131s\u0131n\u0131 kaz\u0131y\u0131n, profilleri ve k\u00f6\u015feleri z\u0131mparalay\u0131n.<br \/>\nDaha y\u00fcksek verimlili\u011fe ve daha uzun kullan\u0131m \u00f6mr\u00fcne sahip f\u0131r\u00e7as\u0131z motor.<br \/>\nDerinlik ve paralellik aparat\u0131 ile kesme derinli\u011finin basit ve hassas \u00f6n ayar\u0131 m\u00fcmk\u00fcnd\u00fcr, iste\u011fe ba\u011fl\u0131 olarak aksesuar olarak mevcuttur.<br \/>\nMinimum titre\u015fimler sayesinde yorulmadan ve keyifli bir \u00e7al\u0131\u015fma i\u00e7in titre\u015fim \u00f6nleyici anti-vibrasyon \u00f6zelli\u011fi.<br \/>\nAnahtars\u0131z b\u0131\u00e7ak de\u011fi\u015fimi.<br \/>\nUzun \u00f6m\u00fcrl\u00fc entegre \u00e7ift LED lamba.<br \/>\nElektronik y\u00f6netim sistemi (EMS) makineyi korur, hizmet \u00f6mr\u00fcn\u00fc uzat\u0131r ve verimlili\u011fi art\u0131r\u0131r.<br \/>\nLED pil kapasitesi g\u00f6stergesi.<br \/>\nFLEX ak\u00fc sistemi: t\u00fcm FLEX 18 V ak\u00fc paketleri i\u00e7in uygundur.<br \/>\nTeslimat ak\u00fc ve \u015farj cihaz\u0131 i\u00e7ermez.<\/p>\n","protected":false},"featured_media":15523,"comment_status":"closed","ping_status":"closed","template":"","meta":{"_joinchat":[]},"product_brand":[144],"product_cat":[79],"product_tag":[],"class_list":{"0":"post-14953","1":"product","2":"type-product","3":"status-publish","4":"has-post-thumbnail","6":"product_brand-flex","7":"product_cat-akulu-el-aletleri","10":"first","11":"instock","12":"shipping-taxable","13":"product-type-simple"},"_links":{"self":[{"href":"https:\/\/www.seriendustri.com\/index.php?rest_route=\/wp\/v2\/product\/14953","targetHints":{"allow":["GET"]}}],"collection":[{"href":"https:\/\/www.seriendustri.com\/index.php?rest_route=\/wp\/v2\/product"}],"about":[{"href":"https:\/\/www.seriendustri.com\/index.php?rest_route=\/wp\/v2\/types\/product"}],"replies":[{"embeddable":true,"href":"https:\/\/www.seriendustri.com\/index.php?rest_route=%2Fwp%2Fv2%2Fcomments&post=14953"}],"version-history":[{"count":3,"href":"https:\/\/www.seriendustri.com\/index.php?rest_route=\/wp\/v2\/product\/14953\/revisions"}],"predecessor-version":[{"id":15524,"href":"https:\/\/www.seriendustri.com\/index.php?rest_route=\/wp\/v2\/product\/14953\/revisions\/15524"}],"wp:featuredmedia":[{"embeddable":true,"href":"https:\/\/www.seriendustri.com\/index.php?rest_route=\/wp\/v2\/media\/15523"}],"wp:attachment":[{"href":"https:\/\/www.seriendustri.com\/index.php?rest_route=%2Fwp%2Fv2%2Fmedia&parent=14953"}],"wp:term":[{"taxonomy":"product_brand","embeddable":true,"href":"https:\/\/www.seriendustri.com\/index.php?rest_route=%2Fwp%2Fv2%2Fproduct_brand&post=14953"},{"taxonomy":"product_cat","embeddable":true,"href":"https:\/\/www.seriendustri.com\/index.php?rest_route=%2Fwp%2Fv2%2Fproduct_cat&post=14953"},{"taxonomy":"product_tag","embeddable":true,"href":"https:\/\/www.seriendustri.com\/index.php?rest_route=%2Fwp%2Fv2%2Fproduct_tag&post=14953"}],"curies":[{"name":"wp","href":"https:\/\/api.w.org\/{rel}","templated":true}]}}