{"id":15007,"date":"2024-12-30T07:40:24","date_gmt":"2024-12-30T07:40:24","guid":{"rendered":"https:\/\/www.seriendustri.com\/?post_type=product&#038;p=15007"},"modified":"2024-12-31T09:00:30","modified_gmt":"2024-12-31T09:00:30","slug":"flex-hg530-18-akulu-sicak-hava-tabancasi","status":"publish","type":"product","link":"https:\/\/www.seriendustri.com\/?product=flex-hg530-18-akulu-sicak-hava-tabancasi","title":{"rendered":"Flex HG530 18 Ak\u00fcl\u00fc S\u0131cak Hava Tabancas\u0131"},"content":{"rendered":"<p><strong>FLEX HG530 18 Ak\u00fcl\u00fc S\u0131cak Hava Tabancas\u0131<\/strong><\/p>\n<p><strong>Pil tak\u0131m\u0131 olmadan a\u011f\u0131rl\u0131k 0,6 kilo<\/strong><br \/>\n<strong>Pil kapasitesi 2,5 \/ 5,0 \/ 8,0Ah<\/strong><br \/>\n<strong>Pil voltaj\u0131 18V<\/strong><br \/>\n<strong>Maksimum hava ak\u0131\u015f h\u0131z\u0131 200 l\/dak<\/strong><br \/>\n<strong>S\u0131cakl\u0131k seviyeleri 2<\/strong><br \/>\n<strong>Hava hacmi 130 \/ 200 l\/dak<\/strong><br \/>\n<strong>Hava s\u0131cakl\u0131\u011f\u0131 260 \/ 530 \u00b0C<\/strong><\/p>\n","protected":false},"excerpt":{"rendered":"<p><strong>260\u00b0\/530\u00b0C olmak \u00fczere 2 s\u0131cakl\u0131k ayar\u0131 ve 2 hava ak\u0131\u015f\u0131 ayar\u0131na sahip g\u00fc\u00e7l\u00fc s\u0131cak hava \u00fcfleyici<\/strong><br \/>\n<strong>H\u0131zl\u0131 \u0131s\u0131nma &#8211; ~15 saniyede 300\u00b0C&#8217;ye kadar<\/strong><br \/>\n<strong>Bir\u00e7ok i\u015fe uygundur: Boya ve kaplamalar\u0131n, \u00e7\u0131kartmalar\u0131n sertle\u015ftirilmesi ve kurutulmas\u0131 ve \u00e7\u0131kar\u0131lmas\u0131, plastik par\u00e7alar\u0131n ve daralan t\u00fcplerin kal\u0131planmas\u0131 ve daralt\u0131lmas\u0131, elektrik ba\u011flant\u0131lar\u0131n\u0131n ve bak\u0131r boru ba\u011flant\u0131lar\u0131n\u0131n lehimlenmesi<\/strong><\/p>\n","protected":false},"featured_media":15008,"comment_status":"closed","ping_status":"closed","template":"","meta":{"_joinchat":[]},"product_brand":[144],"product_cat":[79],"product_tag":[],"class_list":{"0":"post-15007","1":"product","2":"type-product","3":"status-publish","4":"has-post-thumbnail","6":"product_brand-flex","7":"product_cat-akulu-el-aletleri","10":"first","11":"instock","12":"shipping-taxable","13":"product-type-simple"},"_links":{"self":[{"href":"https:\/\/www.seriendustri.com\/index.php?rest_route=\/wp\/v2\/product\/15007","targetHints":{"allow":["GET"]}}],"collection":[{"href":"https:\/\/www.seriendustri.com\/index.php?rest_route=\/wp\/v2\/product"}],"about":[{"href":"https:\/\/www.seriendustri.com\/index.php?rest_route=\/wp\/v2\/types\/product"}],"replies":[{"embeddable":true,"href":"https:\/\/www.seriendustri.com\/index.php?rest_route=%2Fwp%2Fv2%2Fcomments&post=15007"}],"version-history":[{"count":3,"href":"https:\/\/www.seriendustri.com\/index.php?rest_route=\/wp\/v2\/product\/15007\/revisions"}],"predecessor-version":[{"id":15147,"href":"https:\/\/www.seriendustri.com\/index.php?rest_route=\/wp\/v2\/product\/15007\/revisions\/15147"}],"wp:featuredmedia":[{"embeddable":true,"href":"https:\/\/www.seriendustri.com\/index.php?rest_route=\/wp\/v2\/media\/15008"}],"wp:attachment":[{"href":"https:\/\/www.seriendustri.com\/index.php?rest_route=%2Fwp%2Fv2%2Fmedia&parent=15007"}],"wp:term":[{"taxonomy":"product_brand","embeddable":true,"href":"https:\/\/www.seriendustri.com\/index.php?rest_route=%2Fwp%2Fv2%2Fproduct_brand&post=15007"},{"taxonomy":"product_cat","embeddable":true,"href":"https:\/\/www.seriendustri.com\/index.php?rest_route=%2Fwp%2Fv2%2Fproduct_cat&post=15007"},{"taxonomy":"product_tag","embeddable":true,"href":"https:\/\/www.seriendustri.com\/index.php?rest_route=%2Fwp%2Fv2%2Fproduct_tag&post=15007"}],"curies":[{"name":"wp","href":"https:\/\/api.w.org\/{rel}","templated":true}]}}