{"id":15014,"date":"2024-12-30T07:46:29","date_gmt":"2024-12-30T07:46:29","guid":{"rendered":"https:\/\/www.seriendustri.com\/?post_type=product&#038;p=15014"},"modified":"2025-10-17T16:01:26","modified_gmt":"2025-10-17T16:01:26","slug":"flex-gg-200-18-akulu-sicak-tutkal-tabancasi-18-v","status":"publish","type":"product","link":"https:\/\/www.seriendustri.com\/?product=flex-gg-200-18-akulu-sicak-tutkal-tabancasi-18-v","title":{"rendered":"FLEX GG 200 18  AK\u00dcL\u00dc SICAK TUTKAL TABANCASI 18 V"},"content":{"rendered":"<p>FLEX GG 200 18 AK\u00dcL\u00dc SICAK TUTKAL TABANCASI 18 V<\/p>\n<p>Pil tak\u0131m\u0131 olmadan a\u011f\u0131rl\u0131k 0,4 kilo<br \/>\nPil kapasitesi 2,5 \/ 5,0 \/ 8,0Ah<br \/>\nPil voltaj\u0131 18V<br \/>\nIs\u0131nma s\u00fcresi 1<br \/>\nMaksimum verim 20<br \/>\nTutkal \u00e7ubu\u011fu \u00e7ap\u0131 11mm<br \/>\n\u00c7al\u0131\u015fma s\u0131cakl\u0131\u011f\u0131 130 \/ 200 \u00b0C<br \/>\nS\u0131cakl\u0131k seviyeleri 2<\/p>\n<p>&nbsp;<\/p>\n","protected":false},"excerpt":{"rendered":"<ul>\n<li>130\u00b0\/200\u00b0C&#8217;lik 2 s\u0131cakl\u0131k ayar\u0131na sahip g\u00fc\u00e7l\u00fc s\u0131cak tutkal tabancas\u0131. 20 g\/dk&#8217;l\u0131k g\u00fcvenilir yap\u0131\u015ft\u0131rma performans\u0131, h\u0131zl\u0131 \u00e7al\u0131\u015fma ilerlemesini sa\u011flar.<\/li>\n<li>Elektronik kontroll\u00fc \u0131s\u0131tma elemanlar\u0131 sayesinde 2 dakika i\u00e7inde h\u0131zl\u0131 \u0131s\u0131nma<\/li>\n<li>Bir\u00e7ok i\u015f i\u00e7in: S\u0131va levhalar\u0131n\u0131, s\u00fcp\u00fcrgelikleri, kablo kanallar\u0131n\u0131 sabitlemek ve sabitlemek, kuma\u015f ve deri onar\u0131mlar\u0131 i\u00e7in ve yap\u0131\u015ft\u0131r\u0131c\u0131 ped ve \u00e7ekme \u00e7ekici ile dolu hasar\u0131n\u0131 onarmak i\u00e7in<\/li>\n<li>Kompakt ve ergonomik \u015fekil<\/li>\n<li>\u00c7al\u0131\u015fma alan\u0131n\u0131n optimum \u015fekilde ayd\u0131nlat\u0131lmas\u0131 i\u00e7in entegre LED lamba.<\/li>\n<li>FLEX ak\u00fc sistemi: t\u00fcm FLEX 18 V ak\u00fc paketleri i\u00e7in uygundur. Teslimat ak\u00fc ve \u015farj cihaz\u0131n\u0131 i\u00e7ermez<\/li>\n<li><\/li>\n<\/ul>\n","protected":false},"featured_media":15538,"comment_status":"closed","ping_status":"closed","template":"","meta":{"_joinchat":[]},"product_brand":[144],"product_cat":[79],"product_tag":[],"class_list":{"0":"post-15014","1":"product","2":"type-product","3":"status-publish","4":"has-post-thumbnail","6":"product_brand-flex","7":"product_cat-akulu-el-aletleri","10":"first","11":"instock","12":"shipping-taxable","13":"product-type-simple"},"_links":{"self":[{"href":"https:\/\/www.seriendustri.com\/index.php?rest_route=\/wp\/v2\/product\/15014","targetHints":{"allow":["GET"]}}],"collection":[{"href":"https:\/\/www.seriendustri.com\/index.php?rest_route=\/wp\/v2\/product"}],"about":[{"href":"https:\/\/www.seriendustri.com\/index.php?rest_route=\/wp\/v2\/types\/product"}],"replies":[{"embeddable":true,"href":"https:\/\/www.seriendustri.com\/index.php?rest_route=%2Fwp%2Fv2%2Fcomments&post=15014"}],"version-history":[{"count":4,"href":"https:\/\/www.seriendustri.com\/index.php?rest_route=\/wp\/v2\/product\/15014\/revisions"}],"predecessor-version":[{"id":15540,"href":"https:\/\/www.seriendustri.com\/index.php?rest_route=\/wp\/v2\/product\/15014\/revisions\/15540"}],"wp:featuredmedia":[{"embeddable":true,"href":"https:\/\/www.seriendustri.com\/index.php?rest_route=\/wp\/v2\/media\/15538"}],"wp:attachment":[{"href":"https:\/\/www.seriendustri.com\/index.php?rest_route=%2Fwp%2Fv2%2Fmedia&parent=15014"}],"wp:term":[{"taxonomy":"product_brand","embeddable":true,"href":"https:\/\/www.seriendustri.com\/index.php?rest_route=%2Fwp%2Fv2%2Fproduct_brand&post=15014"},{"taxonomy":"product_cat","embeddable":true,"href":"https:\/\/www.seriendustri.com\/index.php?rest_route=%2Fwp%2Fv2%2Fproduct_cat&post=15014"},{"taxonomy":"product_tag","embeddable":true,"href":"https:\/\/www.seriendustri.com\/index.php?rest_route=%2Fwp%2Fv2%2Fproduct_tag&post=15014"}],"curies":[{"name":"wp","href":"https:\/\/api.w.org\/{rel}","templated":true}]}}