{"id":15020,"date":"2024-12-30T07:56:46","date_gmt":"2024-12-30T07:56:46","guid":{"rendered":"https:\/\/www.seriendustri.com\/?post_type=product&#038;p=15020"},"modified":"2025-10-17T15:54:07","modified_gmt":"2025-10-17T15:54:07","slug":"flex-ts-92-18-at-akulu-tezgah-ustu-testere-18v","status":"publish","type":"product","link":"https:\/\/www.seriendustri.com\/?product=flex-ts-92-18-at-akulu-tezgah-ustu-testere-18v","title":{"rendered":"Flex TS 92 18-AT Ak\u00fcl\u00fc Tezgah \u00dcst\u00fc Testere 18V"},"content":{"rendered":"<p>FLEX TS 92 18-AT AK\u00dcL\u00dc TEZGAH \u00dcST\u00dc TESTERE 18V<\/p>\n<p>Pil kapasitesi 5.0 \/ 8.0Ah<br \/>\nPil voltaj\u0131 18V<br \/>\nBo\u015fta h\u0131z 2000 \/ 2600 \/ 3200 \/ 3800 \/ 4400 \/ 5000 devir\/dakika<br \/>\nMaksimum uzunlamas\u0131na kesim sol 427 mm<br \/>\nMaksimum uzunlamas\u0131na kesim sa\u011f 780 mm<br \/>\nKesme derinli\u011fi, g\u00f6nye kesimi (45\u00b0) 58 mm<br \/>\nKesme derinli\u011fi 92 mm<br \/>\nMaksimum kesme geni\u015fli\u011fi, a\u00e7\u0131 durdurma 480 mm<br \/>\nTablo boyutu, geni\u015fli\u011fi 560 mm<br \/>\nTablo boyutu, uzunlu\u011fu 702 mm<br \/>\nA\u00e7\u0131 ayar\u0131, durdurma 60\u00b0 &#8211; 0\u00b0 &#8211; 60\u00b0<br \/>\nA\u00e7\u0131 \u00f6n ayar\u0131 0 \/ 45\u00b0<br \/>\nBoyutlar GxUxY 706x695x346 mm<br \/>\nA\u011f\u0131rl\u0131k 23 kilo<\/p>\n","protected":false},"excerpt":{"rendered":"<p>Sadece 254 mm&#8217;lik testere b\u0131\u00e7a\u011f\u0131yla 92 mm&#8217;lik kesme kapasitesi. Kesme y\u00fcksekli\u011fi el \u00e7ark\u0131 kullan\u0131larak kolayca ve hassas bir \u015fekilde ayarlanabilir<br \/>\n\u0130n\u015faat sahas\u0131nda maksimum hareketlilik i\u00e7in son derece hafif ak\u00fcl\u00fc masa testeresi. Alet kullanmadan katlan\u0131r taban \u00e7er\u00e7evesine sabitlenebilir (iste\u011fe ba\u011fl\u0131 olarak aksesuar olarak mevcuttur)<br \/>\nUzun k\u0131lavuz profili ve ince ayarl\u0131 a\u00e7\u0131 durdurucu, 0\u00b0 ile 60\u00b0 aras\u0131nda kilit noktalar\u0131yla ayarlanabilir. 480 mm&#8217;ye kadar g\u00f6nye kesimler i\u00e7in<br \/>\n0-45\u00b0 aras\u0131 g\u00f6nye kesimler i\u00e7in s\u00fcrekli a\u00e7\u0131 ayar\u0131<br \/>\nDo\u011fru malzemeyle do\u011fru h\u0131zda \u00e7al\u0131\u015f\u0131n. Ayarlanm\u0131\u015f h\u0131z \u00f6n se\u00e7imi sabit h\u0131z olarak benimsenir. Sonu\u00e7 daha iyi kesme kalitesi ve daha uzun testere b\u0131\u00e7a\u011f\u0131 kullan\u0131m \u00f6mr\u00fcd\u00fcr<br \/>\nA\u015f\u0131r\u0131 y\u00fck korumas\u0131 ve s\u0131cakl\u0131k izleme \u00f6zelli\u011fine sahip 18 V EC motor<br \/>\nDaha y\u00fcksek verimlili\u011fe ve daha uzun kullan\u0131m \u00f6mr\u00fcne sahip f\u0131r\u00e7as\u0131z motor<br \/>\nCutSense &#8211; Otomatik Mod ile rahat \u00e7al\u0131\u015fma, sens\u00f6r kesme i\u015fleminden sonra motoru durdurur<br \/>\n\u00c7al\u0131\u015fma alan\u0131n\u0131n optimum \u015fekilde ayd\u0131nlat\u0131lmas\u0131 i\u00e7in paralel \u00e7ite entegre edilmi\u015f LED lamba. USB-C ile \u015farj edilebilir<br \/>\nRaf ve pinyon sistemli y\u00fcksek hassasiyetli paralel \u00e7it. Sol tarafta 427 mm&#8217;ye ve sa\u011f tarafta 780 mm&#8217;ye kadar uzunlamas\u0131na kesimleri destekler. \u00c7ok d\u00fczg\u00fcn ve h\u0131zl\u0131 ayarlama<br \/>\nA\u00e7\u0131 ve paralel \u00e7it, itme \u00e7ubu\u011fu, koruyucu kapak, geri tepme \u00f6nleyici cihaz, alet anahtar\u0131 ve Allen anahtar\u0131 gibi t\u00fcm aparatlar ta\u015f\u0131ma i\u00e7in masan\u0131n alt\u0131na yerle\u015ftirilebilir<br \/>\nHarici toz emme konnekt\u00f6r\u00fc \u00d8 27, 36 mm<br \/>\nD\u00fc\u015f\u00fck tozlu \u00e7al\u0131\u015fma i\u00e7in odun tala\u015f\u0131 toplama torbas\u0131, bo\u015falt\u0131m\u0131 kolayd\u0131r<br \/>\nElektronik y\u00f6netim sistemi (EMS) makineyi korur, hizmet \u00f6mr\u00fcn\u00fc uzat\u0131r ve verimlili\u011fi art\u0131r\u0131r<br \/>\nLED pil kapasitesi g\u00f6stergesi<br \/>\nFLEX ak\u00fc sistemi: t\u00fcm FLEX 18 V ak\u00fc paketleri i\u00e7in uygundur. Teslimat ak\u00fc ve \u015farj cihaz\u0131n\u0131 i\u00e7ermez.<\/p>\n","protected":false},"featured_media":15527,"comment_status":"closed","ping_status":"closed","template":"","meta":{"_joinchat":[]},"product_brand":[144],"product_cat":[79],"product_tag":[],"class_list":{"0":"post-15020","1":"product","2":"type-product","3":"status-publish","4":"has-post-thumbnail","6":"product_brand-flex","7":"product_cat-akulu-el-aletleri","10":"first","11":"instock","12":"shipping-taxable","13":"product-type-simple"},"_links":{"self":[{"href":"https:\/\/www.seriendustri.com\/index.php?rest_route=\/wp\/v2\/product\/15020","targetHints":{"allow":["GET"]}}],"collection":[{"href":"https:\/\/www.seriendustri.com\/index.php?rest_route=\/wp\/v2\/product"}],"about":[{"href":"https:\/\/www.seriendustri.com\/index.php?rest_route=\/wp\/v2\/types\/product"}],"replies":[{"embeddable":true,"href":"https:\/\/www.seriendustri.com\/index.php?rest_route=%2Fwp%2Fv2%2Fcomments&post=15020"}],"version-history":[{"count":3,"href":"https:\/\/www.seriendustri.com\/index.php?rest_route=\/wp\/v2\/product\/15020\/revisions"}],"predecessor-version":[{"id":15146,"href":"https:\/\/www.seriendustri.com\/index.php?rest_route=\/wp\/v2\/product\/15020\/revisions\/15146"}],"wp:featuredmedia":[{"embeddable":true,"href":"https:\/\/www.seriendustri.com\/index.php?rest_route=\/wp\/v2\/media\/15527"}],"wp:attachment":[{"href":"https:\/\/www.seriendustri.com\/index.php?rest_route=%2Fwp%2Fv2%2Fmedia&parent=15020"}],"wp:term":[{"taxonomy":"product_brand","embeddable":true,"href":"https:\/\/www.seriendustri.com\/index.php?rest_route=%2Fwp%2Fv2%2Fproduct_brand&post=15020"},{"taxonomy":"product_cat","embeddable":true,"href":"https:\/\/www.seriendustri.com\/index.php?rest_route=%2Fwp%2Fv2%2Fproduct_cat&post=15020"},{"taxonomy":"product_tag","embeddable":true,"href":"https:\/\/www.seriendustri.com\/index.php?rest_route=%2Fwp%2Fv2%2Fproduct_tag&post=15020"}],"curies":[{"name":"wp","href":"https:\/\/api.w.org\/{rel}","templated":true}]}}