{"id":15084,"date":"2024-12-30T08:44:25","date_gmt":"2024-12-30T08:44:25","guid":{"rendered":"https:\/\/www.seriendustri.com\/?post_type=product&#038;p=15084"},"modified":"2024-12-30T08:56:24","modified_gmt":"2024-12-30T08:56:24","slug":"flex-gps-35-18-ec-akulu-budama-makasi-18v","status":"publish","type":"product","link":"https:\/\/www.seriendustri.com\/?product=flex-gps-35-18-ec-akulu-budama-makasi-18v","title":{"rendered":"FLEX GPS 35 18-EC Ak\u00fcl\u00fc Budama Makas\u0131 18V"},"content":{"rendered":"<p>FLEX GPS 35 18-EC Ak\u00fcl\u00fc Budama Makas\u0131 18V<\/p>\n<p>Maksimum kesme kapasitesi 35 mm<br \/>\nPil tak\u0131m\u0131 olmadan a\u011f\u0131rl\u0131k 0,9 kilo<br \/>\nPil kapasitesi 2,5 \/ 5,0 \/ 8,0Ah<br \/>\nPil voltaj\u0131 18V<\/p>\n","protected":false},"excerpt":{"rendered":"<p>Bah\u00e7ecilik, ba\u011fc\u0131l\u0131k, meyvecilik, tar\u0131m ve ormanc\u0131l\u0131k i\u00e7in 35 mm kesme kapasiteli g\u00fc\u00e7l\u00fc ak\u00fcl\u00fc budama makas\u0131<br \/>\nParmak kesilmelerine kar\u015f\u0131 koruma sa\u011flayan g\u00fcvenlik sens\u00f6r\u00fc ile<br \/>\nB\u0131\u00e7ak, A\u00e7ma d\u00fc\u011fmesine bas\u0131ld\u0131\u011f\u0131nda a\u00e7\u0131l\u0131r ve makas kullan\u0131lmad\u0131\u011f\u0131nda 3 dakika sonra otomatik olarak kapan\u0131r<br \/>\nG\u00fcvenli tutu\u015f i\u00e7in yumu\u015fak dolgulu arka \u015faft sap\u0131<br \/>\nKompakt, kullan\u0131\u015fl\u0131, hafif tasar\u0131m<br \/>\nDaha y\u00fcksek verimlili\u011fe ve daha uzun kullan\u0131m \u00f6mr\u00fcne sahip f\u0131r\u00e7as\u0131z motor<br \/>\nElektronik y\u00f6netim sistemi (EMS) makineyi korur, hizmet \u00f6mr\u00fcn\u00fc uzat\u0131r ve verimlili\u011fi art\u0131r\u0131r<br \/>\nFLEX ak\u00fc sistemi: t\u00fcm FLEX 18 V ak\u00fc paketleri i\u00e7in uygundur. Teslimat ak\u00fc ve \u015farj cihaz\u0131n\u0131 i\u00e7ermez<\/p>\n","protected":false},"featured_media":15085,"comment_status":"closed","ping_status":"closed","template":"","meta":{"_joinchat":[]},"product_brand":[144],"product_cat":[79,100],"product_tag":[],"class_list":{"0":"post-15084","1":"product","2":"type-product","3":"status-publish","4":"has-post-thumbnail","6":"product_brand-flex","7":"product_cat-akulu-el-aletleri","8":"product_cat-bahce-aletleri","11":"first","12":"instock","13":"shipping-taxable","14":"product-type-simple"},"_links":{"self":[{"href":"https:\/\/www.seriendustri.com\/index.php?rest_route=\/wp\/v2\/product\/15084","targetHints":{"allow":["GET"]}}],"collection":[{"href":"https:\/\/www.seriendustri.com\/index.php?rest_route=\/wp\/v2\/product"}],"about":[{"href":"https:\/\/www.seriendustri.com\/index.php?rest_route=\/wp\/v2\/types\/product"}],"replies":[{"embeddable":true,"href":"https:\/\/www.seriendustri.com\/index.php?rest_route=%2Fwp%2Fv2%2Fcomments&post=15084"}],"version-history":[{"count":1,"href":"https:\/\/www.seriendustri.com\/index.php?rest_route=\/wp\/v2\/product\/15084\/revisions"}],"predecessor-version":[{"id":15091,"href":"https:\/\/www.seriendustri.com\/index.php?rest_route=\/wp\/v2\/product\/15084\/revisions\/15091"}],"wp:featuredmedia":[{"embeddable":true,"href":"https:\/\/www.seriendustri.com\/index.php?rest_route=\/wp\/v2\/media\/15085"}],"wp:attachment":[{"href":"https:\/\/www.seriendustri.com\/index.php?rest_route=%2Fwp%2Fv2%2Fmedia&parent=15084"}],"wp:term":[{"taxonomy":"product_brand","embeddable":true,"href":"https:\/\/www.seriendustri.com\/index.php?rest_route=%2Fwp%2Fv2%2Fproduct_brand&post=15084"},{"taxonomy":"product_cat","embeddable":true,"href":"https:\/\/www.seriendustri.com\/index.php?rest_route=%2Fwp%2Fv2%2Fproduct_cat&post=15084"},{"taxonomy":"product_tag","embeddable":true,"href":"https:\/\/www.seriendustri.com\/index.php?rest_route=%2Fwp%2Fv2%2Fproduct_tag&post=15084"}],"curies":[{"name":"wp","href":"https:\/\/api.w.org\/{rel}","templated":true}]}}