{"id":15259,"date":"2025-01-07T18:39:45","date_gmt":"2025-01-07T18:39:45","guid":{"rendered":"https:\/\/www.seriendustri.com\/?post_type=product&#038;p=15259"},"modified":"2025-01-07T18:39:45","modified_gmt":"2025-01-07T18:39:45","slug":"flex-pe-150-18-ec-komursuz-akulu-orbital-polisaj-makinesi","status":"publish","type":"product","link":"https:\/\/www.seriendustri.com\/?product=flex-pe-150-18-ec-komursuz-akulu-orbital-polisaj-makinesi","title":{"rendered":"Flex PE 150 18-EC K\u00f6m\u00fcrs\u00fcz Ak\u00fcl\u00fc Orbital Polisaj Makinesi"},"content":{"rendered":"<p>Flex PE 150 18-EC K\u00f6m\u00fcrs\u00fcz Ak\u00fcl\u00fc Orbital Polisaj Makinesi<\/p>\n<p>Pil voltaj\u0131\t18V<br \/>\nPil kapasitesi\t2,5 \/ 5,0 \/ 8,0Ah<br \/>\nMaksimum destek plakas\u0131 boyutu\t150 mm<br \/>\nBo\u015fta h\u0131z\t(110) 550 &#8211; 1800 dev\/dak<br \/>\nBoyutlar \t407x72x108 mm<br \/>\nPil tak\u0131m\u0131 olmadan a\u011f\u0131rl\u0131k\t2,1 kg<br \/>\nEN 60745&#8217;e g\u00f6re titre\u015fim\t2,3 m\/s\u00b2<br \/>\nEN 60745&#8217;e g\u00f6re ses bas\u0131n\u00e7 seviyesi\t72 dB(A)<\/p>\n","protected":false},"excerpt":{"rendered":"<p>T\u00fcm pil \u00f6mr\u00fc boyunca kablolu polisaj makinesi kadar g\u00fc\u00e7l\u00fc<br \/>\nCDC sabit elektroni\u011fi h\u0131z dalgalanmalar\u0131n\u0131 \u00f6nler<br \/>\nS\u00fcrekli h\u0131z kontrol teti\u011fi: yumu\u015fak bir ba\u015flang\u0131\u00e7 \u200b\u200bve s\u00fcrekli \u00e7al\u0131\u015fma i\u00e7in kilitleme.<br \/>\nHer iki taraftan eri\u015filebilen kilit noktalar\u0131na sahip h\u0131z se\u00e7me tekerle\u011fi ile basit h\u0131z ayar\u0131.<br \/>\nOtomotiv, denizcilik ve havac\u0131l\u0131k uygulamalar\u0131 i\u00e7in ideal h\u0131z aral\u0131\u011f\u0131.<br \/>\nDerin \u00e7izikleri gidermek ve a\u015f\u0131r\u0131 y\u0131pranm\u0131\u015f boyalar\u0131 onarmak i\u00e7in m\u00fckemmel \u015fekilde uygundur.<br \/>\nK\u0131rm\u0131z\u0131 s\u00fcnger ve k\u0131rm\u0131z\u0131 cila ile FLEX 2 ad\u0131ml\u0131 sistemde maksimum \u00e7\u0131karma oran\u0131.<br \/>\nY\u00fcksek verimlilik ve performans sa\u011flayan yeni nesil f\u0131r\u00e7as\u0131z motorlar<br \/>\nMaksimum g\u00fcr\u00fclt\u00fc ve titre\u015fim azalt\u0131m\u0131 i\u00e7in yeni geli\u015ftirilen y\u00fcksek performansl\u0131 \u015fanz\u0131man<br \/>\nAlt taraftaki yeni konumland\u0131r\u0131lm\u0131\u015f mil kilidi, sezgisel disk de\u011fi\u015fikliklerini m\u00fcmk\u00fcn k\u0131lar ve kazara \u00e7al\u0131\u015fmay\u0131 \u00f6nler<br \/>\nY\u00fczeyde m\u00fckemmel k\u0131lavuzluk i\u00e7in yumu\u015fak kavramal\u0131 ergonomik \u015fekilli sap alanlar\u0131<br \/>\nD\u00fcz di\u015fli kafas\u0131 y\u00fczeyden mesafeyi azalt\u0131r. Bu, aletin herhangi bir pozisyonda m\u00fckemmel \u015fekilde y\u00f6nlendirilmesini sa\u011flar<br \/>\nG\u00fcvenli bir \u015fekilde yere inebilmeniz i\u00e7in kau\u00e7uk kapl\u0131 dinlenme \u00e7ubu\u011fu ile<br \/>\nYumu\u015fak ba\u015flatmal\u0131 mikroi\u015flemci kontrol\u00fc, elektrik kesintisi sonras\u0131 yeniden ba\u015flatma korumas\u0131, s\u0131cakl\u0131k izleme, a\u015f\u0131r\u0131 y\u00fck korumas\u0131<br \/>\nElektronik y\u00f6netim sistemi (EMS) makineyi korur, hizmet \u00f6mr\u00fcn\u00fc uzat\u0131r ve verimlili\u011fi art\u0131r\u0131r<br \/>\nLED pil kapasitesi g\u00f6stergesi<br \/>\nFLEX ak\u00fc sistemi: t\u00fcm FLEX 18 V ak\u00fc paketleri i\u00e7in uygundur.<\/p>\n","protected":false},"featured_media":15150,"comment_status":"closed","ping_status":"closed","template":"","meta":{"_joinchat":[]},"product_brand":[144],"product_cat":[79],"product_tag":[],"class_list":{"0":"post-15259","1":"product","2":"type-product","3":"status-publish","4":"has-post-thumbnail","6":"product_brand-flex","7":"product_cat-akulu-el-aletleri","10":"first","11":"instock","12":"shipping-taxable","13":"product-type-simple"},"_links":{"self":[{"href":"https:\/\/www.seriendustri.com\/index.php?rest_route=\/wp\/v2\/product\/15259","targetHints":{"allow":["GET"]}}],"collection":[{"href":"https:\/\/www.seriendustri.com\/index.php?rest_route=\/wp\/v2\/product"}],"about":[{"href":"https:\/\/www.seriendustri.com\/index.php?rest_route=\/wp\/v2\/types\/product"}],"replies":[{"embeddable":true,"href":"https:\/\/www.seriendustri.com\/index.php?rest_route=%2Fwp%2Fv2%2Fcomments&post=15259"}],"version-history":[{"count":1,"href":"https:\/\/www.seriendustri.com\/index.php?rest_route=\/wp\/v2\/product\/15259\/revisions"}],"predecessor-version":[{"id":15260,"href":"https:\/\/www.seriendustri.com\/index.php?rest_route=\/wp\/v2\/product\/15259\/revisions\/15260"}],"wp:featuredmedia":[{"embeddable":true,"href":"https:\/\/www.seriendustri.com\/index.php?rest_route=\/wp\/v2\/media\/15150"}],"wp:attachment":[{"href":"https:\/\/www.seriendustri.com\/index.php?rest_route=%2Fwp%2Fv2%2Fmedia&parent=15259"}],"wp:term":[{"taxonomy":"product_brand","embeddable":true,"href":"https:\/\/www.seriendustri.com\/index.php?rest_route=%2Fwp%2Fv2%2Fproduct_brand&post=15259"},{"taxonomy":"product_cat","embeddable":true,"href":"https:\/\/www.seriendustri.com\/index.php?rest_route=%2Fwp%2Fv2%2Fproduct_cat&post=15259"},{"taxonomy":"product_tag","embeddable":true,"href":"https:\/\/www.seriendustri.com\/index.php?rest_route=%2Fwp%2Fv2%2Fproduct_tag&post=15259"}],"curies":[{"name":"wp","href":"https:\/\/api.w.org\/{rel}","templated":true}]}}