{"id":15339,"date":"2025-01-07T20:01:49","date_gmt":"2025-01-07T20:01:49","guid":{"rendered":"https:\/\/www.seriendustri.com\/?post_type=product&#038;p=15339"},"modified":"2025-10-17T15:42:59","modified_gmt":"2025-10-17T15:42:59","slug":"flex-ght-55-18-ec-akulu-cit-budama-18v","status":"publish","type":"product","link":"https:\/\/www.seriendustri.com\/?product=flex-ght-55-18-ec-akulu-cit-budama-18v","title":{"rendered":"Flex GHT 55 18-EC Ak\u00fcl\u00fc \u00c7it Budama 18V"},"content":{"rendered":"<p>Flex GHT 55 18-EC Ak\u00fcl\u00fc \u00c7it Budama 18V<\/p>\n<p>B\u0131\u00e7ak uzunlu\u011fu 55 cm<br \/>\nMaksimum kesme kapasitesi 25 mm<br \/>\nPil tak\u0131m\u0131 olmadan a\u011f\u0131rl\u0131k 2,9 kg<br \/>\nPil kapasitesi 2,5 \/ 5,0 \/ 8,0Ah<br \/>\nPil voltaj\u0131 18V<br \/>\nBoyutlar 1000x220x165 mm<\/p>\n","protected":false},"excerpt":{"rendered":"<p>Optimum kullan\u0131m i\u00e7in d\u00f6ner sapl\u0131 hafif ve g\u00fc\u00e7l\u00fc \u00e7it budama makinesi.<br \/>\n55 cm b\u0131\u00e7ak uzunlu\u011fu, 25 mm kesme kapasitesine sahip \u00e7ift tarafl\u0131 \u00e7ift etkili lazerle bilenmi\u015f b\u0131\u00e7ak sayesinde \u00e7ok g\u00fc\u00e7l\u00fc.<br \/>\nEk darbe korumas\u0131, b\u0131\u00e7aklar\u0131n \u00e7itler veya duvarlar taraf\u0131ndan hasar g\u00f6rmesini \u00f6nler.<br \/>\n\u00c7it budama makinesinin istem d\u0131\u015f\u0131 \u00e7al\u0131\u015fmas\u0131n\u0131 \u00f6nlemek i\u00e7in \u00e7ift emniyet \u015falteri ve ek bir el korumas\u0131.<br \/>\nDaha y\u00fcksek verimlili\u011fe ve daha uzun kullan\u0131m \u00f6mr\u00fcne sahip f\u0131r\u00e7as\u0131z motor.<br \/>\nElektronik y\u00f6netim sistemi (EMS) makineyi korur, hizmet \u00f6mr\u00fcn\u00fc uzat\u0131r ve verimlili\u011fi art\u0131r\u0131r.<br \/>\nElektronik fren ile aleti yakla\u015f\u0131k 3 saniyede durdurur.<br \/>\nFLEX ak\u00fc sistemi: t\u00fcm FLEX 18 V ak\u00fc paketleri i\u00e7in uygundur. Teslimat ak\u00fc ve \u015farj cihaz\u0131n\u0131 i\u00e7ermez.<\/p>\n","protected":false},"featured_media":15516,"comment_status":"closed","ping_status":"closed","template":"","meta":{"_joinchat":[]},"product_brand":[144],"product_cat":[100],"product_tag":[],"class_list":{"0":"post-15339","1":"product","2":"type-product","3":"status-publish","4":"has-post-thumbnail","6":"product_brand-flex","7":"product_cat-bahce-aletleri","10":"first","11":"instock","12":"shipping-taxable","13":"product-type-simple"},"_links":{"self":[{"href":"https:\/\/www.seriendustri.com\/index.php?rest_route=\/wp\/v2\/product\/15339","targetHints":{"allow":["GET"]}}],"collection":[{"href":"https:\/\/www.seriendustri.com\/index.php?rest_route=\/wp\/v2\/product"}],"about":[{"href":"https:\/\/www.seriendustri.com\/index.php?rest_route=\/wp\/v2\/types\/product"}],"replies":[{"embeddable":true,"href":"https:\/\/www.seriendustri.com\/index.php?rest_route=%2Fwp%2Fv2%2Fcomments&post=15339"}],"version-history":[{"count":2,"href":"https:\/\/www.seriendustri.com\/index.php?rest_route=\/wp\/v2\/product\/15339\/revisions"}],"predecessor-version":[{"id":15517,"href":"https:\/\/www.seriendustri.com\/index.php?rest_route=\/wp\/v2\/product\/15339\/revisions\/15517"}],"wp:featuredmedia":[{"embeddable":true,"href":"https:\/\/www.seriendustri.com\/index.php?rest_route=\/wp\/v2\/media\/15516"}],"wp:attachment":[{"href":"https:\/\/www.seriendustri.com\/index.php?rest_route=%2Fwp%2Fv2%2Fmedia&parent=15339"}],"wp:term":[{"taxonomy":"product_brand","embeddable":true,"href":"https:\/\/www.seriendustri.com\/index.php?rest_route=%2Fwp%2Fv2%2Fproduct_brand&post=15339"},{"taxonomy":"product_cat","embeddable":true,"href":"https:\/\/www.seriendustri.com\/index.php?rest_route=%2Fwp%2Fv2%2Fproduct_cat&post=15339"},{"taxonomy":"product_tag","embeddable":true,"href":"https:\/\/www.seriendustri.com\/index.php?rest_route=%2Fwp%2Fv2%2Fproduct_tag&post=15339"}],"curies":[{"name":"wp","href":"https:\/\/api.w.org\/{rel}","templated":true}]}}