{"id":15349,"date":"2025-01-07T20:11:17","date_gmt":"2025-01-07T20:11:17","guid":{"rendered":"https:\/\/www.seriendustri.com\/?post_type=product&#038;p=15349"},"modified":"2025-01-07T20:11:17","modified_gmt":"2025-01-07T20:11:17","slug":"flex-glt-35-18-at-akulu-misinali-tirpan-18v","status":"publish","type":"product","link":"https:\/\/www.seriendustri.com\/?product=flex-glt-35-18-at-akulu-misinali-tirpan-18v","title":{"rendered":"Flex GLT 35 18-AT Ak\u00fcl\u00fc Misinal\u0131 T\u0131rpan 18V"},"content":{"rendered":"<p>Flex GLT 35 18-AT Ak\u00fcl\u00fc Misinal\u0131 T\u0131rpan 18V<\/p>\n<p>Bo\u015fta h\u0131z\t5500\/6500 devir\/dakika<br \/>\nDi\u015f \u00e7ap\u0131\t2,4 mm<br \/>\nKesme daire \u00e7ap\u0131\t30-35 cm<br \/>\nMisina ipli\u011fi  y\u00fckleme kapasitesi\t4 metre<br \/>\nPil tak\u0131m\u0131 olmadan a\u011f\u0131rl\u0131k\t4,3 kg<br \/>\nPil kapasitesi\t2,5 \/ 5,0 \/ 8,0Ah<br \/>\nPil voltaj\u0131\t18V<br \/>\nBoyutlar \t1665x235x170 mm<\/p>\n","protected":false},"excerpt":{"rendered":"<p>Ye\u015fil alanlar\u0131 bi\u00e7mek, uzun otlar\u0131 ve hafif alt bitkileri temizlemek i\u00e7in 2 kademeli y\u00fcksek kesme h\u0131z\u0131na sahip g\u00fc\u00e7l\u00fc ak\u00fcl\u00fc \u00e7im bi\u00e7me makinesi, kesme geni\u015fli\u011fi 30 cm.<br \/>\n&#8220;Kolay y\u00fckleme&#8221; \u00f6zellikli iplik ba\u015fl\u0131\u011f\u0131 &#8211; otomatik inching ile iplik uzunlu\u011funun basit bir \u015fekilde ayarlanmas\u0131. \u0130plik kesici ve p\u00fcsk\u00fcrtme korumas\u0131 ile<br \/>\nDaha y\u00fcksek verimlili\u011fe ve daha uzun kullan\u0131m \u00f6mr\u00fcne sahip f\u0131r\u00e7as\u0131z motor<br \/>\nElektronik y\u00f6netim sistemi (EMS) makineyi korur, hizmet \u00f6mr\u00fcn\u00fc uzat\u0131r ve verimlili\u011fi art\u0131r\u0131r<br \/>\nKompakt ve ergonomik \u015fekil<br \/>\nKilitleme fonksiyonlu h\u0131zland\u0131r\u0131c\u0131 anahtar\u0131<br \/>\nFLEX ak\u00fc sistemi: t\u00fcm FLEX 18 V ak\u00fc paketleri i\u00e7in uygundur. Teslimat ak\u00fc ve \u015farj cihaz\u0131n\u0131 i\u00e7ermez<\/p>\n","protected":false},"featured_media":15350,"comment_status":"closed","ping_status":"closed","template":"","meta":{"_joinchat":[]},"product_brand":[144],"product_cat":[100],"product_tag":[],"class_list":{"0":"post-15349","1":"product","2":"type-product","3":"status-publish","4":"has-post-thumbnail","6":"product_brand-flex","7":"product_cat-bahce-aletleri","10":"first","11":"instock","12":"shipping-taxable","13":"product-type-simple"},"_links":{"self":[{"href":"https:\/\/www.seriendustri.com\/index.php?rest_route=\/wp\/v2\/product\/15349","targetHints":{"allow":["GET"]}}],"collection":[{"href":"https:\/\/www.seriendustri.com\/index.php?rest_route=\/wp\/v2\/product"}],"about":[{"href":"https:\/\/www.seriendustri.com\/index.php?rest_route=\/wp\/v2\/types\/product"}],"replies":[{"embeddable":true,"href":"https:\/\/www.seriendustri.com\/index.php?rest_route=%2Fwp%2Fv2%2Fcomments&post=15349"}],"version-history":[{"count":1,"href":"https:\/\/www.seriendustri.com\/index.php?rest_route=\/wp\/v2\/product\/15349\/revisions"}],"predecessor-version":[{"id":15359,"href":"https:\/\/www.seriendustri.com\/index.php?rest_route=\/wp\/v2\/product\/15349\/revisions\/15359"}],"wp:featuredmedia":[{"embeddable":true,"href":"https:\/\/www.seriendustri.com\/index.php?rest_route=\/wp\/v2\/media\/15350"}],"wp:attachment":[{"href":"https:\/\/www.seriendustri.com\/index.php?rest_route=%2Fwp%2Fv2%2Fmedia&parent=15349"}],"wp:term":[{"taxonomy":"product_brand","embeddable":true,"href":"https:\/\/www.seriendustri.com\/index.php?rest_route=%2Fwp%2Fv2%2Fproduct_brand&post=15349"},{"taxonomy":"product_cat","embeddable":true,"href":"https:\/\/www.seriendustri.com\/index.php?rest_route=%2Fwp%2Fv2%2Fproduct_cat&post=15349"},{"taxonomy":"product_tag","embeddable":true,"href":"https:\/\/www.seriendustri.com\/index.php?rest_route=%2Fwp%2Fv2%2Fproduct_tag&post=15349"}],"curies":[{"name":"wp","href":"https:\/\/api.w.org\/{rel}","templated":true}]}}