{"id":15360,"date":"2025-01-07T20:25:34","date_gmt":"2025-01-07T20:25:34","guid":{"rendered":"https:\/\/www.seriendustri.com\/?post_type=product&#038;p=15360"},"modified":"2025-01-07T20:25:35","modified_gmt":"2025-01-07T20:25:35","slug":"flex-sfe8-2-115-elektrikli-dik-acili-zimpara","status":"publish","type":"product","link":"https:\/\/www.seriendustri.com\/?product=flex-sfe8-2-115-elektrikli-dik-acili-zimpara","title":{"rendered":"Flex SFE8-2 115 Elektrikli Dik A\u00e7\u0131l\u0131 Z\u0131mpara"},"content":{"rendered":"<p>Flex SFE8-2 115 Elektrikli Dik A\u00e7\u0131l\u0131 Z\u0131mpara<\/p>\n<p>Motor G\u00fcc\u00fc\t800 W<br \/>\nG\u00fc\u00e7 \u00e7\u0131k\u0131\u015f\u0131\t425 W<br \/>\nVoltaj\t230V<br \/>\nFrekans\t50\/60 Hz<br \/>\nDisk \u00e7ap\u0131\t115 mm<br \/>\nBo\u015fta h\u0131z\t700 &#8211; 2300 devir\/dakika<br \/>\nZ\u0131mpara kafas\u0131 y\u00fcksekli\u011fi\t13 mm<br \/>\nKablo uzunlu\u011fu\t4,0 metre<br \/>\nKablo tipi\tK\u0131rm\u0131z\u0131 fi\u015f<br \/>\nBoyutlar \t430x83x115 mm<br \/>\nA\u011f\u0131rl\u0131k\t2,5 kg<\/p>\n","protected":false},"excerpt":{"rendered":"<p>VE elektronik kontrol: sonsuz ayarlanabilir h\u0131z kontrol\u00fc.<br \/>\n\u00d6rne\u011fin geleneksel ta\u015flama makineleriyle eri\u015filemeyen, 15 mm aral\u0131k geni\u015fli\u011findeki pencere kepenkleri gibi dar alanlar i\u00e7in idealdir.<br \/>\nKullan\u0131\u015fl\u0131, hafif tasar\u0131m.<\/p>\n","protected":false},"featured_media":15361,"comment_status":"closed","ping_status":"closed","template":"","meta":{"_joinchat":[]},"product_brand":[144],"product_cat":[76],"product_tag":[],"class_list":{"0":"post-15360","1":"product","2":"type-product","3":"status-publish","4":"has-post-thumbnail","6":"product_brand-flex","7":"product_cat-elektrikli-el-aletleri","10":"first","11":"instock","12":"shipping-taxable","13":"product-type-simple"},"_links":{"self":[{"href":"https:\/\/www.seriendustri.com\/index.php?rest_route=\/wp\/v2\/product\/15360","targetHints":{"allow":["GET"]}}],"collection":[{"href":"https:\/\/www.seriendustri.com\/index.php?rest_route=\/wp\/v2\/product"}],"about":[{"href":"https:\/\/www.seriendustri.com\/index.php?rest_route=\/wp\/v2\/types\/product"}],"replies":[{"embeddable":true,"href":"https:\/\/www.seriendustri.com\/index.php?rest_route=%2Fwp%2Fv2%2Fcomments&post=15360"}],"version-history":[{"count":1,"href":"https:\/\/www.seriendustri.com\/index.php?rest_route=\/wp\/v2\/product\/15360\/revisions"}],"predecessor-version":[{"id":15365,"href":"https:\/\/www.seriendustri.com\/index.php?rest_route=\/wp\/v2\/product\/15360\/revisions\/15365"}],"wp:featuredmedia":[{"embeddable":true,"href":"https:\/\/www.seriendustri.com\/index.php?rest_route=\/wp\/v2\/media\/15361"}],"wp:attachment":[{"href":"https:\/\/www.seriendustri.com\/index.php?rest_route=%2Fwp%2Fv2%2Fmedia&parent=15360"}],"wp:term":[{"taxonomy":"product_brand","embeddable":true,"href":"https:\/\/www.seriendustri.com\/index.php?rest_route=%2Fwp%2Fv2%2Fproduct_brand&post=15360"},{"taxonomy":"product_cat","embeddable":true,"href":"https:\/\/www.seriendustri.com\/index.php?rest_route=%2Fwp%2Fv2%2Fproduct_cat&post=15360"},{"taxonomy":"product_tag","embeddable":true,"href":"https:\/\/www.seriendustri.com\/index.php?rest_route=%2Fwp%2Fv2%2Fproduct_tag&post=15360"}],"curies":[{"name":"wp","href":"https:\/\/api.w.org\/{rel}","templated":true}]}}