{"id":15366,"date":"2025-01-07T20:31:57","date_gmt":"2025-01-07T20:31:57","guid":{"rendered":"https:\/\/www.seriendustri.com\/?post_type=product&#038;p=15366"},"modified":"2025-10-17T15:24:46","modified_gmt":"2025-10-17T15:24:46","slug":"flex-bbe-14-3-110-set-satine-makinesi-trinoxflex","status":"publish","type":"product","link":"https:\/\/www.seriendustri.com\/?product=flex-bbe-14-3-110-set-satine-makinesi-trinoxflex","title":{"rendered":"Flex BBE 14-3 110 Set Satine Makinesi Trinoxflex"},"content":{"rendered":"<p>Flex BBE 14-3 110 Set Satine Makinesi Trinoxflex<\/p>\n<p>Motor G\u00fcc\u00fc 1400 W<br \/>\nG\u00fc\u00e7 \u00e7\u0131k\u0131\u015f\u0131 880 W<br \/>\nGerilim 230V<br \/>\nFrekans 50\/60 Hz<br \/>\nBo\u015fta h\u0131z 1000 &#8211; 3500 devir\/dakika<br \/>\nF\u0131r\u00e7a \u00e7ap\u0131 120 mm<br \/>\nF\u0131r\u00e7a geni\u015fli\u011fi 100 mm<br \/>\nTak\u0131m aparat\u0131, f\u0131r\u00e7a z\u0131mpara 19mm<br \/>\nKablo uzunlu\u011fu 4,0 metre<br \/>\nBoyutlar 335x190x210 mm<br \/>\nA\u011f\u0131rl\u0131k 2,9 kg<\/p>\n","protected":false},"excerpt":{"rendered":"<p>Sistem aparatlar\u0131n\u0131n aletsiz de\u011fi\u015ftirilmesi i\u00e7in h\u0131zl\u0131 ba\u011flant\u0131ya sahip benzersiz alet aparat\u0131: parlatma, boru bant z\u0131mparalama ve f\u0131r\u00e7alama i\u00e7in<br \/>\n\u00c7\u0131kar\u0131labilir koruyucu kapakl\u0131 ve d\u00fc\u015f\u00fck tozlu \u00e7al\u0131\u015fma i\u00e7in \u00d8 32 mm emi\u015f ba\u011flant\u0131l\u0131 f\u0131r\u00e7a aparat\u0131. Dar i\u015f par\u00e7alar\u0131n\u0131 do\u011frusal ta\u015flama deseni i\u00e7in takvimlemek i\u00e7in k\u0131lavuz durdurucu dahil<br \/>\nPatentli h\u0131zl\u0131 de\u011fi\u015ftirme sistemiyle aletsiz ta\u015flama aleti de\u011fi\u015fimi<br \/>\nMetal ve paslanmaz \u00e7elik alan\u0131nda d\u00fc\u015f\u00fck tozlu i\u015fler i\u00e7in. Ayr\u0131ca ah\u015fap y\u00fczeylerin f\u0131r\u00e7alanmas\u0131, yap\u0131land\u0131r\u0131lmas\u0131 ve temizlenmesi i\u00e7in<br \/>\nMikroi\u015flemci kontrol\u00fc: h\u0131z se\u00e7imi, takojenerat\u00f6r sabit h\u0131z kontrol\u00fc, yumu\u015fak ba\u015flatma, elektrik kesintisi sonras\u0131 yeniden ba\u015flatma korumas\u0131, a\u015f\u0131r\u0131 y\u00fck korumas\u0131 ve s\u0131cakl\u0131k izleme<br \/>\nTamamen d\u00f6k\u00fcm elektronik bile\u015fenler metal tozundan kaynaklanan hasar\u0131 \u00f6nler. 3 katl\u0131 sarg\u0131 korumas\u0131 motor a\u015f\u0131nmas\u0131n\u0131 azalt\u0131r, servis \u00f6mr\u00fcn\u00fc art\u0131r\u0131r<br \/>\nMil kilidi<\/p>\n","protected":false},"featured_media":15497,"comment_status":"closed","ping_status":"closed","template":"","meta":{"_joinchat":[]},"product_brand":[144],"product_cat":[76],"product_tag":[],"class_list":{"0":"post-15366","1":"product","2":"type-product","3":"status-publish","4":"has-post-thumbnail","6":"product_brand-flex","7":"product_cat-elektrikli-el-aletleri","10":"first","11":"instock","12":"shipping-taxable","13":"product-type-simple"},"_links":{"self":[{"href":"https:\/\/www.seriendustri.com\/index.php?rest_route=\/wp\/v2\/product\/15366","targetHints":{"allow":["GET"]}}],"collection":[{"href":"https:\/\/www.seriendustri.com\/index.php?rest_route=\/wp\/v2\/product"}],"about":[{"href":"https:\/\/www.seriendustri.com\/index.php?rest_route=\/wp\/v2\/types\/product"}],"replies":[{"embeddable":true,"href":"https:\/\/www.seriendustri.com\/index.php?rest_route=%2Fwp%2Fv2%2Fcomments&post=15366"}],"version-history":[{"count":2,"href":"https:\/\/www.seriendustri.com\/index.php?rest_route=\/wp\/v2\/product\/15366\/revisions"}],"predecessor-version":[{"id":15496,"href":"https:\/\/www.seriendustri.com\/index.php?rest_route=\/wp\/v2\/product\/15366\/revisions\/15496"}],"wp:featuredmedia":[{"embeddable":true,"href":"https:\/\/www.seriendustri.com\/index.php?rest_route=\/wp\/v2\/media\/15497"}],"wp:attachment":[{"href":"https:\/\/www.seriendustri.com\/index.php?rest_route=%2Fwp%2Fv2%2Fmedia&parent=15366"}],"wp:term":[{"taxonomy":"product_brand","embeddable":true,"href":"https:\/\/www.seriendustri.com\/index.php?rest_route=%2Fwp%2Fv2%2Fproduct_brand&post=15366"},{"taxonomy":"product_cat","embeddable":true,"href":"https:\/\/www.seriendustri.com\/index.php?rest_route=%2Fwp%2Fv2%2Fproduct_cat&post=15366"},{"taxonomy":"product_tag","embeddable":true,"href":"https:\/\/www.seriendustri.com\/index.php?rest_route=%2Fwp%2Fv2%2Fproduct_tag&post=15366"}],"curies":[{"name":"wp","href":"https:\/\/api.w.org\/{rel}","templated":true}]}}