{"id":15372,"date":"2025-01-07T20:40:37","date_gmt":"2025-01-07T20:40:37","guid":{"rendered":"https:\/\/www.seriendustri.com\/?post_type=product&#038;p=15372"},"modified":"2025-10-17T15:57:56","modified_gmt":"2025-10-17T15:57:56","slug":"flex-se-14-2-150-ahsap-beton-metal-zimpara-makinesi","status":"publish","type":"product","link":"https:\/\/www.seriendustri.com\/?product=flex-se-14-2-150-ahsap-beton-metal-zimpara-makinesi","title":{"rendered":"Flex SE 14-2 150 Ah\u015fap Beton Metal Z\u0131mpara Makinesi"},"content":{"rendered":"<p>Flex SE 14-2 150 Ah\u015fap Beton Metal Z\u0131mpara Makinesi<\/p>\n<p>G\u00fc\u00e7 t\u00fcketimi 1400 W<br \/>\nG\u00fc\u00e7 \u00e7\u0131k\u0131\u015f\u0131 880 W<br \/>\nGerilim 230V<br \/>\nFrekans 50\/60 Hz<br \/>\nMaksimum disk \u00e7ap\u0131 150 mm<br \/>\nMaksimum destek plakas\u0131 boyutu 150 mm<br \/>\nBo\u015fta h\u0131z 600 &#8211; 2100 dev\/dak<br \/>\nTak\u0131m tutucu, d\u00f6ner ta\u015flama makinesi M14<br \/>\nKablo uzunlu\u011fu 4,0 m<br \/>\nKablo tipi PUR<br \/>\nBoyutlar 405x200x120 mm<br \/>\nA\u011f\u0131rl\u0131k 2,6 kg<\/p>\n","protected":false},"excerpt":{"rendered":"<p>VR elektronik kontrol: kademesiz h\u0131z se\u00e7imi, tako jenerat\u00f6r kontroll\u00fc sabit h\u0131z, a\u015f\u0131r\u0131 y\u00fck korumas\u0131, yeniden ba\u015flatma korumas\u0131 ve s\u0131cakl\u0131k izleme.<br \/>\nOptimum so\u011futma i\u00e7in y\u00fcksek verimli vantilat\u00f6re sahip g\u00fc\u00e7l\u00fc 1400 watt motor.<br \/>\nMotor ve di\u015flinin optimum so\u011futulmas\u0131 i\u00e7in optimize edilmi\u015f hava ak\u0131\u015f\u0131.<br \/>\nPlanet ve a\u00e7\u0131sal di\u015flilerin yenilik\u00e7i kombinasyonu g\u00fcr\u00fclt\u00fcy\u00fc mutlak minimuma indirir.<br \/>\nD\u00fcz di\u015fli kafas\u0131 y\u00fczeye olan mesafeyi azalt\u0131r. Bu nedenle makine her pozisyonda g\u00fcvenli bir \u015fekilde \u00e7al\u0131\u015ft\u0131r\u0131labilir.<br \/>\nKavrama ba\u015fl\u0131\u011f\u0131: SoftGrip ile ergonomik olarak \u015fekillendirilmi\u015ftir. Makine hassasiyetle kontrol edilebilir ve her zaman rahat ve tutmas\u0131 g\u00fcvenlidir.<br \/>\nTamamen d\u00f6k\u00fcm elektronik bile\u015fenler metal tozundan kaynaklanan hasar\u0131 \u00f6nler. Armat\u00fcr\u00fcn sar\u0131m ucundaki koruyucu koruma ve armat\u00fcrdeki kaplamal\u0131 sar\u0131m. 3 katl\u0131 sar\u0131m korumas\u0131 motor a\u015f\u0131nmas\u0131n\u0131 azalt\u0131r, hizmet \u00f6mr\u00fcn\u00fc art\u0131r\u0131r.<br \/>\nAlan bobininde epoksi kaplamal\u0131 sarg\u0131.<br \/>\nD\u00f6ner kenar segmentli koruma.<br \/>\nUygun bir \u015fekilde yerle\u015ftirilmi\u015f ve tozdan korunan a\u00e7ma\/kapama d\u00fc\u011fmesi.<br \/>\n4 metre PUR H07-BQF kablo: a\u015f\u0131nmaya dayan\u0131kl\u0131, esnek ve kesilmelere ve a\u015f\u0131nmalara kar\u015f\u0131 olduk\u00e7a dayan\u0131kl\u0131.<br \/>\nMil kilidi<br \/>\nPaslanmaz \u00e7elik, metal, do\u011fal\/yapay ta\u015f, ah\u015fap y\u00fczeyler, boyal\u0131 y\u00fczeylerin yenilenmesi, modernizasyonu, i\u015flenmesi i\u00e7in z\u0131mparalama uzman\u0131.<\/p>\n","protected":false},"featured_media":15534,"comment_status":"closed","ping_status":"closed","template":"","meta":{"_joinchat":[]},"product_brand":[144],"product_cat":[76],"product_tag":[],"class_list":{"0":"post-15372","1":"product","2":"type-product","3":"status-publish","4":"has-post-thumbnail","6":"product_brand-flex","7":"product_cat-elektrikli-el-aletleri","10":"first","11":"instock","12":"shipping-taxable","13":"product-type-simple"},"_links":{"self":[{"href":"https:\/\/www.seriendustri.com\/index.php?rest_route=\/wp\/v2\/product\/15372","targetHints":{"allow":["GET"]}}],"collection":[{"href":"https:\/\/www.seriendustri.com\/index.php?rest_route=\/wp\/v2\/product"}],"about":[{"href":"https:\/\/www.seriendustri.com\/index.php?rest_route=\/wp\/v2\/types\/product"}],"replies":[{"embeddable":true,"href":"https:\/\/www.seriendustri.com\/index.php?rest_route=%2Fwp%2Fv2%2Fcomments&post=15372"}],"version-history":[{"count":2,"href":"https:\/\/www.seriendustri.com\/index.php?rest_route=\/wp\/v2\/product\/15372\/revisions"}],"predecessor-version":[{"id":15535,"href":"https:\/\/www.seriendustri.com\/index.php?rest_route=\/wp\/v2\/product\/15372\/revisions\/15535"}],"wp:featuredmedia":[{"embeddable":true,"href":"https:\/\/www.seriendustri.com\/index.php?rest_route=\/wp\/v2\/media\/15534"}],"wp:attachment":[{"href":"https:\/\/www.seriendustri.com\/index.php?rest_route=%2Fwp%2Fv2%2Fmedia&parent=15372"}],"wp:term":[{"taxonomy":"product_brand","embeddable":true,"href":"https:\/\/www.seriendustri.com\/index.php?rest_route=%2Fwp%2Fv2%2Fproduct_brand&post=15372"},{"taxonomy":"product_cat","embeddable":true,"href":"https:\/\/www.seriendustri.com\/index.php?rest_route=%2Fwp%2Fv2%2Fproduct_cat&post=15372"},{"taxonomy":"product_tag","embeddable":true,"href":"https:\/\/www.seriendustri.com\/index.php?rest_route=%2Fwp%2Fv2%2Fproduct_tag&post=15372"}],"curies":[{"name":"wp","href":"https:\/\/api.w.org\/{rel}","templated":true}]}}