{"id":15417,"date":"2025-01-07T21:15:23","date_gmt":"2025-01-07T21:15:23","guid":{"rendered":"https:\/\/www.seriendustri.com\/?post_type=product&#038;p=15417"},"modified":"2025-01-07T21:15:23","modified_gmt":"2025-01-07T21:15:23","slug":"flex-ore-5-150-ec-set-elektrikli-komursuz-orbital-zimpara","status":"publish","type":"product","link":"https:\/\/www.seriendustri.com\/?product=flex-ore-5-150-ec-set-elektrikli-komursuz-orbital-zimpara","title":{"rendered":"Flex ORE 5-150 EC Set Elektrikli K\u00f6m\u00fcrs\u00fcz Orbital Z\u0131mpara"},"content":{"rendered":"<p>Flex ORE 5-150 EC Set Elektrikli K\u00f6m\u00fcrs\u00fcz Orbital Z\u0131mpara <\/p>\n<p>G\u00fc\u00e7 t\u00fcketimi\t400W<br \/>\nGerilim\t230V<br \/>\nFrekans\t50\/60 Hz<br \/>\nDestek pedi \u00e7ap\u0131\t150 mm<br \/>\nOrbit\t5 mm<br \/>\nBo\u015fta h\u0131z\t4000 &#8211; 10000 devir\/dakika<br \/>\nY\u00f6r\u00fcnge h\u0131z\u0131, y\u00fck yok\t8000 &#8211; 20000 devir\/dakika<br \/>\n\u00c7ap toz emme ba\u011flant\u0131s\u0131\t\u00d827<br \/>\nKablo uzunlu\u011fu\t4,0 metre<br \/>\nBoyutlar \t230x150x125 mm<br \/>\nA\u011f\u0131rl\u0131k\t1,4 kg<\/p>\n","protected":false},"excerpt":{"rendered":"<p>D\u00fc\u015f\u00fck titre\u015fimli \u00e7al\u0131\u015fma i\u00e7in en iyi ergonomi ve \u00f6zel dengeleme sistemine sahip 150 mm kullan\u0131\u015fl\u0131 rastgele y\u00f6r\u00fcngeli z\u0131mpara makinesi. Rahat ve eklem dostu \u00e7al\u0131\u015fma ko\u015fullar\u0131 sa\u011flar<br \/>\nDaha y\u00fcksek verimlili\u011fe ve daha uzun kullan\u0131m \u00f6mr\u00fcne sahip f\u0131r\u00e7as\u0131z motor<br \/>\nAyarlanabilir h\u0131z ile malzemeye uyumlu z\u0131mparalama h\u0131z\u0131<br \/>\nFiltre kartu\u015fuyla tozsuz \u00e7al\u0131\u015fma i\u00e7in entegre aspirat\u00f6r sayesinde etkili toz emme<br \/>\nDisk frenle donat\u0131ld\u0131\u011f\u0131ndan, i\u015f par\u00e7as\u0131nda istenmeyen z\u0131mpara izleri olu\u015fmaz ve pahal\u0131 d\u00fczeltici i\u015flemlere gerek kalmaz<br \/>\nHarici toz emme \u00d8 27 mm, adapt\u00f6r SAD-C 27 AS veya antistatik emme hortumu SH 27&#215;3,5m AS (445.045) ba\u011flanabilir<br \/>\nDe\u011fi\u015ftirilebilir PES filtreli darbeye dayan\u0131kl\u0131 filtre kartu\u015fu, toz at\u0131m\u0131n\u0131n veya filtrenin temizlenmesinin kolay olmas\u0131n\u0131 ve ayr\u0131ca maksimum kullan\u0131m \u00f6mr\u00fcn\u00fc sa\u011flar<br \/>\nTozsuz ve verimli \u00e7al\u0131\u015fma i\u00e7in PES filtre kartu\u015fu<br \/>\n\u00dc\u00e7 sertlik derecesinde mevcut olan c\u0131rt c\u0131rtl\u0131 destek pedi: ultra yumu\u015fak, yumu\u015fak ve sert<br \/>\nOptimum ekstraksiyon i\u00e7in \u00e7oklu hortum sistemine sahip c\u0131rt c\u0131rtl\u0131 destek pedi, t\u00fcm standart 150 \u00e7apl\u0131 a\u015f\u0131nd\u0131r\u0131c\u0131lara uygundur<br \/>\n\u00d6zellikle ba\u015f \u00fcst\u00fc \u00e7al\u0131\u015fmalar i\u00e7in uygundur<\/p>\n","protected":false},"featured_media":15418,"comment_status":"closed","ping_status":"closed","template":"","meta":{"_joinchat":[]},"product_brand":[144],"product_cat":[76],"product_tag":[],"class_list":{"0":"post-15417","1":"product","2":"type-product","3":"status-publish","4":"has-post-thumbnail","6":"product_brand-flex","7":"product_cat-elektrikli-el-aletleri","10":"first","11":"instock","12":"shipping-taxable","13":"product-type-simple"},"_links":{"self":[{"href":"https:\/\/www.seriendustri.com\/index.php?rest_route=\/wp\/v2\/product\/15417","targetHints":{"allow":["GET"]}}],"collection":[{"href":"https:\/\/www.seriendustri.com\/index.php?rest_route=\/wp\/v2\/product"}],"about":[{"href":"https:\/\/www.seriendustri.com\/index.php?rest_route=\/wp\/v2\/types\/product"}],"replies":[{"embeddable":true,"href":"https:\/\/www.seriendustri.com\/index.php?rest_route=%2Fwp%2Fv2%2Fcomments&post=15417"}],"version-history":[{"count":1,"href":"https:\/\/www.seriendustri.com\/index.php?rest_route=\/wp\/v2\/product\/15417\/revisions"}],"predecessor-version":[{"id":15425,"href":"https:\/\/www.seriendustri.com\/index.php?rest_route=\/wp\/v2\/product\/15417\/revisions\/15425"}],"wp:featuredmedia":[{"embeddable":true,"href":"https:\/\/www.seriendustri.com\/index.php?rest_route=\/wp\/v2\/media\/15418"}],"wp:attachment":[{"href":"https:\/\/www.seriendustri.com\/index.php?rest_route=%2Fwp%2Fv2%2Fmedia&parent=15417"}],"wp:term":[{"taxonomy":"product_brand","embeddable":true,"href":"https:\/\/www.seriendustri.com\/index.php?rest_route=%2Fwp%2Fv2%2Fproduct_brand&post=15417"},{"taxonomy":"product_cat","embeddable":true,"href":"https:\/\/www.seriendustri.com\/index.php?rest_route=%2Fwp%2Fv2%2Fproduct_cat&post=15417"},{"taxonomy":"product_tag","embeddable":true,"href":"https:\/\/www.seriendustri.com\/index.php?rest_route=%2Fwp%2Fv2%2Fproduct_tag&post=15417"}],"curies":[{"name":"wp","href":"https:\/\/api.w.org\/{rel}","templated":true}]}}