{"id":15426,"date":"2025-01-07T21:21:45","date_gmt":"2025-01-07T21:21:45","guid":{"rendered":"https:\/\/www.seriendustri.com\/?post_type=product&#038;p=15426"},"modified":"2025-10-17T15:19:24","modified_gmt":"2025-10-17T15:19:24","slug":"flex-ose-2-70x198-ec-elektrikli-komursuz-titresim-zimpara","status":"publish","type":"product","link":"https:\/\/www.seriendustri.com\/?product=flex-ose-2-70x198-ec-elektrikli-komursuz-titresim-zimpara","title":{"rendered":"Flex OSE 2-70&#215;198-EC Elektrikli K\u00f6m\u00fcrs\u00fcz Titre\u015fim Z\u0131mpara"},"content":{"rendered":"<p>Flex OSE 2-70&#215;198-EC Elektrikli K\u00f6m\u00fcrs\u00fcz Titre\u015fim Z\u0131mpara<\/p>\n<p>G\u00fc\u00e7 t\u00fcketimi 260 W<br \/>\nGerilim 230V<br \/>\nStrok 2,0 mm<br \/>\nDestek pedi uzunlu\u011fu 198 mm<br \/>\nDestek pedi geni\u015fli\u011fi 70 mm<br \/>\nY\u00f6r\u00fcnge h\u0131z\u0131, y\u00fck yok 10000 &#8211; 20000 devir\/dakika<br \/>\nBo\u015fta h\u0131z 5000 &#8211; 10000 devir\/dakika<br \/>\nKablo uzunlu\u011fu 4,0 metre<br \/>\nBoyutlar 210x75x124 mm<br \/>\nA\u011f\u0131rl\u0131k 1,3 kg<\/p>\n","protected":false},"excerpt":{"rendered":"<p>Daha y\u00fcksek verimlili\u011fe ve daha uzun kullan\u0131m \u00f6mr\u00fcne sahip f\u0131r\u00e7as\u0131z motor<br \/>\nH\u0131zl\u0131 durdurma i\u015flevine sahip basit ve g\u00fcvenli \u00e7al\u0131\u015fma i\u00e7in E-sinyal anahtar\u0131, destek pedinin s\u00fcr\u00fcklenmesini \u00f6nler<br \/>\nElektronik h\u0131z ayar\u0131 sayesinde malzemeye uygun z\u0131mparalama h\u0131z\u0131<br \/>\nOnar\u0131m \u00e7al\u0131\u015fmalar\u0131 s\u0131ras\u0131nda otomobil par\u00e7alar\u0131ndaki doldurulmu\u015f y\u00fczeyleri z\u0131mparalamak i\u00e7in idealdir. Dolgu maddesini uygulamadan ve rastgele y\u00f6r\u00fcngeli z\u0131mpara makinesi kullanmadan \u00f6nce alt tabakan\u0131n y\u00fczeyini z\u0131mparalamak ve p\u00fcr\u00fczleri \u00f6nlemek i\u00e7in<br \/>\nElektronik: 4 kademeli h\u0131z \u00f6n se\u00e7imi, takojenerat\u00f6r vas\u0131tas\u0131yla sabit h\u0131z kontrol\u00fc, yumu\u015fak ba\u015flatma, yeniden ba\u015flatma korumas\u0131<br \/>\nOptimum emi\u015f i\u00e7in e\u011fimli ped geometrisi ve \u00e7ok delikli sistemli Velcro destek pedi, piyasada bulunan t\u00fcm pedlere uygundur<br \/>\nHafif, kompakt tek elle kullan\u0131lan y\u00f6r\u00fcngeli z\u0131mpara makinesi, yorulmadan ve eklem dostu \u00e7al\u0131\u015fma i\u00e7in \u00f6zel dengeleme sayesinde \u00e7ok ergonomik ve d\u00fc\u015f\u00fck titre\u015fimlidir<br \/>\nErgonomik olarak tasarlanm\u0131\u015f, yumu\u015fak kavramal\u0131 kullan\u0131\u015fl\u0131 kavrama kapa\u011f\u0131 g\u00fcvenli bir kavrama ve iyi bir k\u0131lavuzluk sa\u011flar<br \/>\nFiltre kartu\u015fuyla tozsuz \u00e7al\u0131\u015fma i\u00e7in entegre aspirat\u00f6r sayesinde etkili toz emme<br \/>\nHarici toz emme \u00d8 27 mm, antistatik emi\u015f hortumu SH 27&#215;3,5m AS (445.045) ba\u011flanabilir<\/p>\n","protected":false},"featured_media":15493,"comment_status":"closed","ping_status":"closed","template":"","meta":{"_joinchat":[]},"product_brand":[144],"product_cat":[76],"product_tag":[],"class_list":{"0":"post-15426","1":"product","2":"type-product","3":"status-publish","4":"has-post-thumbnail","6":"product_brand-flex","7":"product_cat-elektrikli-el-aletleri","10":"first","11":"instock","12":"shipping-taxable","13":"product-type-simple"},"_links":{"self":[{"href":"https:\/\/www.seriendustri.com\/index.php?rest_route=\/wp\/v2\/product\/15426","targetHints":{"allow":["GET"]}}],"collection":[{"href":"https:\/\/www.seriendustri.com\/index.php?rest_route=\/wp\/v2\/product"}],"about":[{"href":"https:\/\/www.seriendustri.com\/index.php?rest_route=\/wp\/v2\/types\/product"}],"replies":[{"embeddable":true,"href":"https:\/\/www.seriendustri.com\/index.php?rest_route=%2Fwp%2Fv2%2Fcomments&post=15426"}],"version-history":[{"count":1,"href":"https:\/\/www.seriendustri.com\/index.php?rest_route=\/wp\/v2\/product\/15426\/revisions"}],"predecessor-version":[{"id":15432,"href":"https:\/\/www.seriendustri.com\/index.php?rest_route=\/wp\/v2\/product\/15426\/revisions\/15432"}],"wp:featuredmedia":[{"embeddable":true,"href":"https:\/\/www.seriendustri.com\/index.php?rest_route=\/wp\/v2\/media\/15493"}],"wp:attachment":[{"href":"https:\/\/www.seriendustri.com\/index.php?rest_route=%2Fwp%2Fv2%2Fmedia&parent=15426"}],"wp:term":[{"taxonomy":"product_brand","embeddable":true,"href":"https:\/\/www.seriendustri.com\/index.php?rest_route=%2Fwp%2Fv2%2Fproduct_brand&post=15426"},{"taxonomy":"product_cat","embeddable":true,"href":"https:\/\/www.seriendustri.com\/index.php?rest_route=%2Fwp%2Fv2%2Fproduct_cat&post=15426"},{"taxonomy":"product_tag","embeddable":true,"href":"https:\/\/www.seriendustri.com\/index.php?rest_route=%2Fwp%2Fv2%2Fproduct_tag&post=15426"}],"curies":[{"name":"wp","href":"https:\/\/api.w.org\/{rel}","templated":true}]}}