{"id":15450,"date":"2025-01-07T21:41:14","date_gmt":"2025-01-07T21:41:14","guid":{"rendered":"https:\/\/www.seriendustri.com\/?post_type=product&#038;p=15450"},"modified":"2025-10-17T15:14:30","modified_gmt":"2025-10-17T15:14:30","slug":"flex-h-1105-ve-elektrikli-kalipci-taslama","status":"publish","type":"product","link":"https:\/\/www.seriendustri.com\/?product=flex-h-1105-ve-elektrikli-kalipci-taslama","title":{"rendered":"Flex H 1105 VE Elektrikli Kal\u0131p\u00e7\u0131 Ta\u015flama"},"content":{"rendered":"<p><strong>Flex H 1105 VE Elektrikli Kal\u0131p\u00e7\u0131 Ta\u015flama<\/strong><\/p>\n<p>G\u00fc\u00e7 t\u00fcketimi 710W<br \/>\nG\u00fc\u00e7 \u00e7\u0131k\u0131\u015f\u0131 420 W<br \/>\nGerilim 230V<br \/>\nFrekans 50\/60 Hz<br \/>\nBo\u015fta h\u0131z 2500 &#8211; 6500 devir\/dakika<br \/>\nMaksimum z\u0131mpara \u00e7ap\u0131 50 mm<br \/>\nTak\u0131m tutucu, d\u00fcz ta\u015flama makinesi Pens<br \/>\nKablo uzunlu\u011fu 4,0 m<br \/>\nBoyutlar 340x76x84 mm<br \/>\nA\u011f\u0131rl\u0131k 2,1 kg<\/p>\n","protected":false},"excerpt":{"rendered":"<p>VE elektronik kontrol: de\u011fi\u015fken h\u0131z ve a\u015f\u0131r\u0131 y\u00fck korumas\u0131<br \/>\nKelep\u00e7e yakas\u0131: 40 mm \u00e7ap<br \/>\nKal\u0131p imalat\u0131nda ince ta\u015flama i\u00e7in, kalem ta\u015flay\u0131c\u0131lar ve a\u015f\u0131nd\u0131r\u0131c\u0131 flap disklerle max. 25 m\/sn h\u0131za kadar uygundur.<br \/>\nMakine uzunlu\u011fu: yakla\u015f\u0131k 330 mm<br \/>\nYaka uzunlu\u011fu: Yakla\u015f\u0131k 53 mm, optimum kullan\u0131m ve ula\u015f\u0131lmas\u0131 zor alanlara eri\u015fim i\u00e7in<br \/>\nBu makine 110 Voltta da mevcuttur.<\/p>\n","protected":false},"featured_media":15489,"comment_status":"closed","ping_status":"closed","template":"","meta":{"_joinchat":[]},"product_brand":[144],"product_cat":[76],"product_tag":[],"class_list":{"0":"post-15450","1":"product","2":"type-product","3":"status-publish","4":"has-post-thumbnail","6":"product_brand-flex","7":"product_cat-elektrikli-el-aletleri","10":"first","11":"instock","12":"shipping-taxable","13":"product-type-simple"},"_links":{"self":[{"href":"https:\/\/www.seriendustri.com\/index.php?rest_route=\/wp\/v2\/product\/15450","targetHints":{"allow":["GET"]}}],"collection":[{"href":"https:\/\/www.seriendustri.com\/index.php?rest_route=\/wp\/v2\/product"}],"about":[{"href":"https:\/\/www.seriendustri.com\/index.php?rest_route=\/wp\/v2\/types\/product"}],"replies":[{"embeddable":true,"href":"https:\/\/www.seriendustri.com\/index.php?rest_route=%2Fwp%2Fv2%2Fcomments&post=15450"}],"version-history":[{"count":1,"href":"https:\/\/www.seriendustri.com\/index.php?rest_route=\/wp\/v2\/product\/15450\/revisions"}],"predecessor-version":[{"id":15453,"href":"https:\/\/www.seriendustri.com\/index.php?rest_route=\/wp\/v2\/product\/15450\/revisions\/15453"}],"wp:featuredmedia":[{"embeddable":true,"href":"https:\/\/www.seriendustri.com\/index.php?rest_route=\/wp\/v2\/media\/15489"}],"wp:attachment":[{"href":"https:\/\/www.seriendustri.com\/index.php?rest_route=%2Fwp%2Fv2%2Fmedia&parent=15450"}],"wp:term":[{"taxonomy":"product_brand","embeddable":true,"href":"https:\/\/www.seriendustri.com\/index.php?rest_route=%2Fwp%2Fv2%2Fproduct_brand&post=15450"},{"taxonomy":"product_cat","embeddable":true,"href":"https:\/\/www.seriendustri.com\/index.php?rest_route=%2Fwp%2Fv2%2Fproduct_cat&post=15450"},{"taxonomy":"product_tag","embeddable":true,"href":"https:\/\/www.seriendustri.com\/index.php?rest_route=%2Fwp%2Fv2%2Fproduct_tag&post=15450"}],"curies":[{"name":"wp","href":"https:\/\/api.w.org\/{rel}","templated":true}]}}