{"id":15465,"date":"2025-01-07T22:02:06","date_gmt":"2025-01-07T22:02:06","guid":{"rendered":"https:\/\/www.seriendustri.com\/?post_type=product&#038;p=15465"},"modified":"2025-10-17T15:09:19","modified_gmt":"2025-10-17T15:09:19","slug":"flex-l12-11-125-elektrikli-avuc-taslama-1200w","status":"publish","type":"product","link":"https:\/\/www.seriendustri.com\/?product=flex-l12-11-125-elektrikli-avuc-taslama-1200w","title":{"rendered":"Flex L12-11 125 Elektrikli Avu\u00e7 Ta\u015flama 1200W"},"content":{"rendered":"<p><strong>Flex L12-11 125 Elektrikli Avu\u00e7 Ta\u015flama 1200W<\/strong><\/p>\n<p>G\u00fc\u00e7 t\u00fcketimi 1200 W<br \/>\nG\u00fc\u00e7 \u00e7\u0131k\u0131\u015f\u0131 700W<br \/>\nGerilim 230V<br \/>\nFrekans 50\/60 Hz<br \/>\nMaksimum disk \u00e7ap\u0131 125 mm<br \/>\nBo\u015fta h\u0131z 11500 devir\/dakika<br \/>\nTa\u015flama Mil Di\u015fi M14<br \/>\nKablo uzunlu\u011fu 4,0 metre<br \/>\nBoyutlar 300x75x105 mm<br \/>\nA\u011f\u0131rl\u0131k 2,0 kg<\/p>\n","protected":false},"excerpt":{"rendered":"<p>Yumu\u015fak ba\u015flatma, mikroi\u015flemci kontrol\u00fc, elektrik kesintisi sonras\u0131 yeniden ba\u015flatma korumas\u0131, s\u0131cakl\u0131k izleme, CDC elektronik geri bildirim kontrol\u00fc.<br \/>\nDaha fazla g\u00fc\u00e7 \u00e7\u0131k\u0131\u015f\u0131 i\u00e7in y\u00fcksek verimli ve dayan\u0131kl\u0131 motor.<br \/>\nGeri Tepme \u00d6nleyici &#8211; bloke edilen diskteki motoru kapat\u0131r.<br \/>\nEtkili so\u011futma ve optimize edilmi\u015f karbon geometrisi uzun bir hizmet \u00f6mr\u00fc sa\u011flar.<br \/>\nMotor ve di\u015fliler i\u00e7in kapsaml\u0131 toz korumas\u0131.<br \/>\nSon derece hafif ve kullan\u0131\u015fl\u0131.<br \/>\nKompakt ve ergonomik \u015fekil.<br \/>\nE\u011fimli yan sap sayesinde ergonomik kullan\u0131m.<br \/>\nEmniyet korumas\u0131n\u0131n aletsiz ayarlanmas\u0131.<br \/>\nMil kilidi.<br \/>\nBu evrensel a\u00e7\u0131l\u0131 ta\u015flama makinesi, \u00e7elik\/metal y\u00fczey kaplama, \u015fantiye\/yenileme \u00e7al\u0131\u015fmalar\u0131 ve ara\u00e7 g\u00f6vde i\u015fleri ve in\u015faat firmalar\u0131 i\u00e7in uygundur.<\/p>\n","protected":false},"featured_media":15487,"comment_status":"closed","ping_status":"closed","template":"","meta":{"_joinchat":[]},"product_brand":[144],"product_cat":[76],"product_tag":[],"class_list":{"0":"post-15465","1":"product","2":"type-product","3":"status-publish","4":"has-post-thumbnail","6":"product_brand-flex","7":"product_cat-elektrikli-el-aletleri","10":"first","11":"instock","12":"shipping-taxable","13":"product-type-simple"},"_links":{"self":[{"href":"https:\/\/www.seriendustri.com\/index.php?rest_route=\/wp\/v2\/product\/15465","targetHints":{"allow":["GET"]}}],"collection":[{"href":"https:\/\/www.seriendustri.com\/index.php?rest_route=\/wp\/v2\/product"}],"about":[{"href":"https:\/\/www.seriendustri.com\/index.php?rest_route=\/wp\/v2\/types\/product"}],"replies":[{"embeddable":true,"href":"https:\/\/www.seriendustri.com\/index.php?rest_route=%2Fwp%2Fv2%2Fcomments&post=15465"}],"version-history":[{"count":2,"href":"https:\/\/www.seriendustri.com\/index.php?rest_route=\/wp\/v2\/product\/15465\/revisions"}],"predecessor-version":[{"id":15486,"href":"https:\/\/www.seriendustri.com\/index.php?rest_route=\/wp\/v2\/product\/15465\/revisions\/15486"}],"wp:featuredmedia":[{"embeddable":true,"href":"https:\/\/www.seriendustri.com\/index.php?rest_route=\/wp\/v2\/media\/15487"}],"wp:attachment":[{"href":"https:\/\/www.seriendustri.com\/index.php?rest_route=%2Fwp%2Fv2%2Fmedia&parent=15465"}],"wp:term":[{"taxonomy":"product_brand","embeddable":true,"href":"https:\/\/www.seriendustri.com\/index.php?rest_route=%2Fwp%2Fv2%2Fproduct_brand&post=15465"},{"taxonomy":"product_cat","embeddable":true,"href":"https:\/\/www.seriendustri.com\/index.php?rest_route=%2Fwp%2Fv2%2Fproduct_cat&post=15465"},{"taxonomy":"product_tag","embeddable":true,"href":"https:\/\/www.seriendustri.com\/index.php?rest_route=%2Fwp%2Fv2%2Fproduct_tag&post=15465"}],"curies":[{"name":"wp","href":"https:\/\/api.w.org\/{rel}","templated":true}]}}